{"id":313,"date":"2019-11-13T03:23:22","date_gmt":"2019-11-13T03:23:22","guid":{"rendered":"https:\/\/themify.me\/demo\/themes\/ultra-construction\/?page_id=239"},"modified":"2025-03-07T11:55:47","modified_gmt":"2025-03-07T16:55:47","slug":"services-1","status":"publish","type":"page","link":"https:\/\/cimentiersdynamiques.com\/index.php\/services-1\/","title":{"rendered":"Services"},"content":{"rendered":"<!--themify_builder_content-->\n<div id=\"themify_builder_content-313\" data-postid=\"313\" class=\"themify_builder_content themify_builder_content-313 themify_builder tf_clear\">\n    \t\t\t\t<div  data-lazy=\"1\" class=\"module_row themify_builder_row tb_kybk555 tb_first tf_w\">\n\t\t\t<span class=\"builder_row_cover tf_abs\"><\/span>\t\t\t<div class=\"row_inner col_align_top tb_col_count_1 tf_box tf_rel\">\n\t\t\t\t\t\t<div  data-lazy=\"1\" class=\"module_column tb-column col-full tb_x101555 first\">\n\t\t\t\t\t<!-- module text -->\n<div  class=\"module module-text tb_y9e4254   \" data-lazy=\"1\">\n\t    <div  class=\"tb_text_wrap\">\n\t\t<h1>&#8211; Nos Services &#8211;<\/h1>    <\/div>\n<\/div>\n<!-- \/module text -->\t\t<\/div>\n\t\t\t\t\t\t<\/div>\n\t\t<\/div>\n\t\t\t\t\t\t<div  data-lazy=\"1\" class=\"module_row themify_builder_row tb_chn8996 tf_w\">\n\t\t\t\t\t\t<div class=\"row_inner col_align_top tb_col_count_1 tf_box tf_rel\">\n\t\t\t\t\t\t<div  data-lazy=\"1\" class=\"module_column tb-column col-full tb_ebnr997 first\">\n\t\t\t\t\t<!-- module fancy heading -->\n<div  class=\"module module-fancy-heading tb_mv4e785 \" data-lazy=\"1\">\n\t    <h3 class=\"fancy-heading tf_textc\">\n    <span class=\"main-head tf_block\">\n\t\t\t\t\tVoici les services offerts par l'entreprise :\t\t    <\/span>\n\n\t\n    <span class=\"sub-head tf_block tf_rel\">\n\t\t\t\t\t\t\t    <\/span>\n    <\/h3>\n<\/div>\n<!-- \/module fancy heading -->\n\t\t<div  data-lazy=\"1\" class=\"module_subrow themify_builder_sub_row tf_w col_align_top tb_col_count_3 tb_cbde385\">\n\t\t\t\t<div  data-lazy=\"1\" class=\"module_column sub_column col3-1 tb_j0uv388 first\">\n\t\t\t\t\t<!-- module image -->\n<div  class=\"module module-image tb_5pri389 image-center   tf_mw\" data-lazy=\"1\">\n        <div class=\"image-wrap tf_rel tf_mw\">\n\t\t    <img loading=\"lazy\" decoding=\"async\" src=\"https:\/\/cimentiersdynamiques.com\/wp-content\/uploads\/2023\/01\/275142544_376906664256835_1348634810115462203_n-768x1024-358x258.jpg\" width=\"358\" height=\"258\" class=\"wp-post-image wp-image-2422\" title=\"275142544_376906664256835_1348634810115462203_n\" alt=\"275142544_376906664256835_1348634810115462203_n\">\t\n\t\t<\/div>\n\t<!-- \/image-wrap -->\n    \n    \t<\/div>\n<!-- \/module image --><!-- module text -->\n<div  class=\"module module-text tb_2izs845    tb_gs345da\" data-lazy=\"1\">\n\t    <div  class=\"tb_text_wrap\">\n\t\t<h3><a href=\"https:\/\/cimentiersdynamiques.com\/index.php\/realisations\/\">B\u00e9ton<\/a><\/h3>    <\/div>\n<\/div>\n<!-- \/module text -->\t\t<\/div>\n\t\t\t\t\t<div  data-lazy=\"1\" class=\"module_column sub_column col3-1 tb_aobz390\">\n\t\t\t\t\t<!-- module image -->\n<div  class=\"module module-image tb_yuml390 image-center   tf_mw\" data-lazy=\"1\">\n        <div class=\"image-wrap tf_rel tf_mw\">\n\t\t    <img loading=\"lazy\" decoding=\"async\" src=\"https:\/\/cimentiersdynamiques.com\/wp-content\/uploads\/2023\/01\/275839620_920693721931981_6640563839100527869_n-2-1024x768-358x258.jpg\" width=\"358\" height=\"258\" class=\"wp-post-image wp-image-2426\" title=\"275839620_920693721931981_6640563839100527869_n (2)\" alt=\"275839620_920693721931981_6640563839100527869_n (2)\">\t\n\t\t<\/div>\n\t<!-- \/image-wrap -->\n    \n    \t<\/div>\n<!-- \/module image --><!-- module text -->\n<div  class=\"module module-text tb_0woc347    tb_gs345da\" data-lazy=\"1\">\n\t    <div  class=\"tb_text_wrap\">\n\t\t<h3><a href=\"https:\/\/cimentiersdynamiques.com\/index.php\/home-2\/\">Transport<\/a><\/h3>    <\/div>\n<\/div>\n<!-- \/module text -->\t\t<\/div>\n\t\t\t\t\t<div  data-lazy=\"1\" class=\"module_column sub_column col3-1 tb_7n39391 last\">\n\t\t\t\t\t<!-- module image -->\n<div  class=\"module module-image tb_62rd391 image-center   tf_mw\" data-lazy=\"1\">\n        <div class=\"image-wrap tf_rel tf_mw\">\n\t\t    <img loading=\"lazy\" decoding=\"async\" src=\"https:\/\/cimentiersdynamiques.com\/wp-content\/uploads\/2023\/01\/IMG_1701-4-1024x768-358x258.jpg\" width=\"358\" height=\"258\" class=\"wp-post-image wp-image-2428\" title=\"IMG_1701 (4)\" alt=\"IMG_1701 (4)\">\t\n\t\t<\/div>\n\t<!-- \/image-wrap -->\n    \n    \t<\/div>\n<!-- \/module image --><!-- module text -->\n<div  class=\"module module-text tb_8l1t391    tb_gs345da\" data-lazy=\"1\">\n\t    <div  class=\"tb_text_wrap\">\n\t\t<h3><a href=\"https:\/\/cimentiersdynamiques.com\/index.php\/blocsdecoratifs\/\">Bloc de b\u00e9ton d\u00e9coratifs<\/a><\/h3>    <\/div>\n<\/div>\n<!-- \/module text -->\t\t<\/div>\n\t\t\t\t\t<\/div>\n\t\t\t\t<div  data-lazy=\"1\" class=\"module_subrow themify_builder_sub_row tf_w col_align_top tb_col_count_1 tb_drpg951\">\n\t\t\t\t<div  data-lazy=\"1\" class=\"module_column sub_column col-full tb_rbno952 first\">\n\t\t\t\t\t<!-- module image -->\n<div  class=\"module module-image tb_ty9r953 image-center   tf_mw\" data-lazy=\"1\">\n        <div class=\"image-wrap tf_rel tf_mw\">\n\t\t    <img loading=\"lazy\" decoding=\"async\" src=\"https:\/\/cimentiersdynamiques.com\/wp-content\/uploads\/2024\/01\/lorrie2-768x1024-358x258.jpg\" width=\"358\" height=\"258\" class=\"wp-post-image wp-image-3199\" title=\"lorrie2\" alt=\"lorrie2\">\t\n\t\t<\/div>\n\t<!-- \/image-wrap -->\n    \n    \t<\/div>\n<!-- \/module image --><!-- module text -->\n<div  class=\"module module-text tb_sr0w953    tb_gs345da\" data-lazy=\"1\">\n\t    <div  class=\"tb_text_wrap\">\n\t\t<h3><a href=\"https:\/\/cimentiersdynamiques.com\/index.php\/epoxy\/\">\u00c9poxy<\/a><\/h3>    <\/div>\n<\/div>\n<!-- \/module text -->\t\t<\/div>\n\t\t\t\t\t<\/div>\n\t\t\t\t<\/div>\n\t\t\t\t\t\t<\/div>\n\t\t<\/div>\n\t\t\t\t\t\t<div  data-lazy=\"1\" class=\"module_row themify_builder_row tb_251o503 tf_w\">\n\t\t\t\t\t\t<div class=\"row_inner col_align_top tb_col_count_1 tf_box tf_rel\">\n\t\t\t\t\t\t<div  data-lazy=\"1\" class=\"module_column tb-column col-full tb_2h8r503 first\">\n\t\t\t\t\t\t\t<div  data-lazy=\"1\" class=\"module_subrow themify_builder_sub_row tf_w col_align_top tb_col_count_1 tb_9nkj503\">\n\t\t\t\t<div  data-lazy=\"1\" class=\"module_column sub_column col-full tb_neid503 first\">\n\t\t\t\t\t<!-- module fancy heading -->\n<div  class=\"module module-fancy-heading tb_2x5u503 \" data-lazy=\"1\">\n\t    <h3 class=\"fancy-heading tf_textc\">\n    <span class=\"main-head tf_block\">\n\t\t\t\t\t<a href=\"https:\/\/cimentiersdynamiques.com\/index.php\/home-2-2\/\">VOIR NOS PARTENAIRES<\/a>\n\t\t    <\/span>\n\n\t\t\t<span class=\"tb_fancy_heading_icon_wrap tf_block\">\n\t\t\t<span class=\"tb_fancy_heading_border tf_rel\"><\/span>\t\t\t<span class=\"tb_fancy_heading_icon\">\n\t\t\t\t\t\t\t\t\t<em><svg  class=\"tf_fa tf-ti-arrow-circle-right\" aria-hidden=\"true\"><use href=\"#tf-ti-arrow-circle-right\"><\/use><\/svg><\/em>\n\t\t\t\t\t\t\t<\/span>\n\t\t\t<span class=\"tb_fancy_heading_border tf_rel\"><\/span>\t\t<\/span>\n\t\n    <span class=\"sub-head tf_block tf_rel\">\n\t\t\t\t\t\t\t    <\/span>\n    <\/h3>\n<\/div>\n<!-- \/module fancy heading -->\n\t\t<\/div>\n\t\t\t\t\t<\/div>\n\t\t\t\t<\/div>\n\t\t\t\t\t\t<\/div>\n\t\t<\/div>\n\t\t\t\t\t\t<div  data-css_id=\"w759637\" data-lazy=\"1\" class=\"module_row themify_builder_row fullwidth_row_container tb_w759637 tf_w\">\n\t\t\t<span class=\"builder_row_cover tf_abs\"><\/span>\t\t\t<div class=\"row_inner col_align_top tb_col_count_2 tf_box tf_rel\">\n\t\t\t\t\t\t<div  data-lazy=\"1\" class=\"module_column tb-column col3-2 tb_r2wg638 first\">\n\t\t\t\t\t<!-- module text -->\n<div  class=\"module module-text tb_vod3556   \" data-lazy=\"1\">\n\t    <div  class=\"tb_text_wrap\">\n\t\t<h3><span style=\"color: #ffffff;\">Pourquoi choisir Cimentiers Dynamiques ?<\/span><\/h3>\n<h6><em><strong>Car, nous avons l&rsquo;expertise dont vous avez besoin afin d&rsquo;assurer la r\u00e9ussite de vos projets!<\/strong><\/em><\/h6>    <\/div>\n<\/div>\n<!-- \/module text --><!-- module buttons -->\n<div  class=\"module module-buttons tb_hhlw272 buttons-horizontal solid   squared\" data-lazy=\"1\">\n\t\t<div class=\"module-buttons-item tf_in_flx\">\n\t\t\t\t\t\t<a href=\"http:\/\/cimentiersdynamiques.com\/index.php\/contact\/\" class=\"ui builder_button tf_in_flx themify_lightbox tb_default_color\" >\n\t\t\t\t\t\t\t\t\t<em><svg  class=\"tf_fa tf-ti-user\" aria-hidden=\"true\"><use href=\"#tf-ti-user\"><\/use><\/svg><\/em>\t\t\t\t\t\t\t\t\t\tNous Contacter\t\t\t\t\t\t\t\t\t\t<\/a>\n\t\t\t\t<\/div>\n\t\t\t<\/div>\n<!-- \/module buttons -->\n\t\t<\/div>\n\t\t\t\t\t<div  data-lazy=\"1\" class=\"module_column tb-column col3-1 tb_7ai637 last\">\n\t\t\t\t\t\t\t<\/div>\n\t\t\t\t\t\t<\/div>\n\t\t<\/div>\n\t\t\t\t\t\t<div  data-lazy=\"1\" class=\"module_row themify_builder_row tb_af08503 tf_w\">\n\t\t\t\t\t\t<div class=\"row_inner col_align_top gutter-none tb_col_count_3 tf_box tf_rel\">\n\t\t\t\t\t\t<div  data-lazy=\"1\" class=\"module_column tb-column col4-1 tb_krqf503 first\">\n\t\t\t\t\t<!-- module image -->\n<div  class=\"module module-image tb_sh2d503 image-center   tf_mw\" data-lazy=\"1\">\n        <div class=\"image-wrap tf_rel tf_mw\">\n\t\t    <img loading=\"lazy\" decoding=\"async\" src=\"https:\/\/cimentiersdynamiques.com\/wp-content\/uploads\/2020\/04\/stacks-image-1bc93d6-1-365x92.png\" width=\"365\" height=\"92\" class=\"wp-post-image wp-image-540\" title=\"stacks-image-1bc93d6\" alt=\"stacks-image-1bc93d6\" srcset=\"https:\/\/cimentiersdynamiques.com\/wp-content\/uploads\/2020\/04\/stacks-image-1bc93d6-1-365x92.png 365w, https:\/\/cimentiersdynamiques.com\/wp-content\/uploads\/2020\/04\/stacks-image-1bc93d6-1-300x76.png 300w, https:\/\/cimentiersdynamiques.com\/wp-content\/uploads\/2020\/04\/stacks-image-1bc93d6-1-978x248.png 978w, https:\/\/cimentiersdynamiques.com\/wp-content\/uploads\/2020\/04\/stacks-image-1bc93d6-1.png 550w\" sizes=\"auto, (max-width: 365px) 100vw, 365px\" \/>\t\n\t\t<\/div>\n\t<!-- \/image-wrap -->\n    \n    \t<\/div>\n<!-- \/module image --><!-- module text -->\n<div  class=\"module module-text tb_ytha503   \" data-lazy=\"1\">\n\t    <div  class=\"tb_text_wrap\">\n\t\t<h3 style=\"text-align: center;\"><em><span style=\"color: #333333;\"><strong>UNE \u00c9QUIPE EN B\u00c9TON !<\/strong><\/span><\/em><\/h3>    <\/div>\n<\/div>\n<!-- \/module text --><!-- module text -->\n<div  class=\"module module-text tb_o2vy503   \" data-lazy=\"1\">\n\t    <div  class=\"tb_text_wrap\">\n\t\t<hr>\n<h3 style=\"text-align: center;\">\u00a0<\/h3>    <\/div>\n<\/div>\n<!-- \/module text -->\t\t<\/div>\n\t\t\t\t\t<div  data-lazy=\"1\" class=\"module_column tb-column col4-2 tb_6lkp503\">\n\t\t\t\t\t<!-- module text -->\n<div  class=\"module module-text tb_v5pn503   \" data-lazy=\"1\">\n\t    <div  class=\"tb_text_wrap\">\n\t\t<p style=\"text-align: left;\">Informations<\/p>    <\/div>\n<\/div>\n<!-- \/module text --><!-- module icon -->\n<div  class=\"module module-icon tb_nv98503  small none icon_vertical \" data-lazy=\"1\">\n\t\t\t<div class=\"module-icon-item\">\n\t\t\t\t\t\t\t<a href=\"www.google.com\/maps\">\n\t\t\t\t\t\t\t\t\t\t\t\t\t\t\t\t\t<em class=\"tf_box\" style=\"color:#000000\"><svg  class=\"tf_fa tf-ti-location-pin\" aria-hidden=\"true\"><use href=\"#tf-ti-location-pin\"><\/use><\/svg><\/em>\n\t\t\t\t\t\t\t\t\t\t\t\t\t\t\t\t\t\t\t<span>295, Boulevard Des Hauteurs, Saint-J\u00e9r\u00f4me, QC, J7Y 5E7<\/span>\n\t\t\t\t\t\t\t\t\t\t\t\t\t\t\t\t\t<\/a>\n\t\t\t\t\t<\/div>\n\t\t\t<div class=\"module-icon-item\">\n\t\t\t\t\t\t\t<a href=\"www.outlook.live.com\">\n\t\t\t\t\t\t\t\t\t\t\t\t\t\t\t\t\t<em class=\"tf_box\" style=\"color:#000000\"><svg  class=\"tf_fa tf-ti-email\" aria-hidden=\"true\"><use href=\"#tf-ti-email\"><\/use><\/svg><\/em>\n\t\t\t\t\t\t\t\t\t\t\t\t\t\t\t\t\t\t\t<span>info@cimentiersdynamiques.com<\/span>\n\t\t\t\t\t\t\t\t\t\t\t\t\t\t\t\t\t<\/a>\n\t\t\t\t\t<\/div>\n\t\t\t<div class=\"module-icon-item\">\n\t\t\t\t\t\t\t\t\t\t\t\t\t\t\t\t<em class=\"tf_box\" style=\"color:#000000\"><svg  class=\"tf_fa tf-ti-mobile\" aria-hidden=\"true\"><use href=\"#tf-ti-mobile\"><\/use><\/svg><\/em>\n\t\t\t\t\t\t\t\t\t\t\t\t\t\t\t\t\t\t\t<span>(450) 432-9943<\/span>\n\t\t\t\t\t\t\t\t\t\t\t\t\t\t\t<\/div>\n\t\t\t<div class=\"module-icon-item\">\n\t\t\t\t\t\t\t<a href=\"https:\/\/www.pes.rbq.gouv.qc.ca\/RegistreLicences\">\n\t\t\t\t\t\t\t\t\t\t\t\t\t\t\t\t\t<em class=\"tf_box\" style=\"color:#000000\"><svg  class=\"tf_fa tf-ti-bookmark-alt\" aria-hidden=\"true\"><use href=\"#tf-ti-bookmark-alt\"><\/use><\/svg><\/em>\n\t\t\t\t\t\t\t\t\t\t\t\t\t\t\t\t\t\t\t<span>Licence RBQ : # 5586-5455-01<\/span>\n\t\t\t\t\t\t\t\t\t\t\t\t\t\t\t\t\t<\/a>\n\t\t\t\t\t<\/div>\n\t<\/div>\n<!-- \/module icon -->\n\t\t<\/div>\n\t\t\t\t\t<div  data-lazy=\"1\" class=\"module_column tb-column col4-1 tb_79xf503 last\">\n\t\t\t\t\t<!-- module text -->\n<div  class=\"module module-text tb_wpn2503   \" data-lazy=\"1\">\n\t    <div  class=\"tb_text_wrap\">\n\t\t<hr>\n<p style=\"text-align: left;\">\u00a0<\/p>    <\/div>\n<\/div>\n<!-- \/module text --><!-- module text -->\n<div  class=\"module module-text tb_h3ng503   \" data-lazy=\"1\">\n\t    <div  class=\"tb_text_wrap\">\n\t\t<p style=\"text-align: center;\">SUIVEZ-NOUS<\/p>    <\/div>\n<\/div>\n<!-- \/module text --><!-- module icon -->\n<div  class=\"module module-icon tb_6tty503   none icon_horizontal tf_textc\" data-lazy=\"1\">\n\t\t\t<div class=\"module-icon-item\">\n\t\t\t\t\t\t\t<a href=\"https:\/\/www.facebook.com\/lescimentiersdynamiques\">\n\t\t\t\t\t\t\t\t\t\t\t\t\t\t\t\t\t<em class=\"tf_box\"><svg  class=\"tf_fa tf-ti-facebook\" aria-hidden=\"true\"><use href=\"#tf-ti-facebook\"><\/use><\/svg><\/em>\n\t\t\t\t\t\t\t\t\t\t\t\t\t\t\t\t<\/a>\n\t\t\t\t\t<\/div>\n\t\t\t<div class=\"module-icon-item\">\n\t\t\t\t\t\t\t<a href=\"https:\/\/www.instagram.com\/cimentiers_dynamiques\/\">\n\t\t\t\t\t\t\t\t\t\t\t\t\t\t\t\t\t<em class=\"tf_box\"><svg  class=\"tf_fa tf-ti-instagram\" aria-hidden=\"true\"><use href=\"#tf-ti-instagram\"><\/use><\/svg><\/em>\n\t\t\t\t\t\t\t\t\t\t\t\t\t\t\t\t<\/a>\n\t\t\t\t\t<\/div>\n\t\t\t<div class=\"module-icon-item\">\n\t\t\t\t\t\t\t<a href=\"https:\/\/g.page\/r\/CQLXADjQbby6EB0\/review\">\n\t\t\t\t\t\t\t\t\t\t\t\t\t\t\t\t\t<em class=\"tf_box\"><svg  class=\"tf_fa tf-fab-google\" aria-hidden=\"true\"><use href=\"#tf-fab-google\"><\/use><\/svg><\/em>\n\t\t\t\t\t\t\t\t\t\t\t\t\t\t\t\t<\/a>\n\t\t\t\t\t<\/div>\n\t\t\t<div class=\"module-icon-item\">\n\t\t\t\t\t\t\t<a href=\"https:\/\/www.tiktok.com\/@cimentiers_dynamiques\">\n\t\t\t\t\t\t\t\t\t\t\t\t\t\t\t\t\t<em class=\"tf_box\" style=\"color:#000000\"><svg  class=\"tf_fa tf-fab-tiktok\" aria-hidden=\"true\"><use href=\"#tf-fab-tiktok\"><\/use><\/svg><\/em>\n\t\t\t\t\t\t\t\t\t\t\t\t\t\t\t\t<\/a>\n\t\t\t\t\t<\/div>\n\t<\/div>\n<!-- \/module icon -->\n\t\t<\/div>\n\t\t\t\t\t\t<\/div>\n\t\t<\/div>\n\t\t<\/div>\n<!--\/themify_builder_content-->\n\n\n<h3 class=\"wp-block-heading\"><\/h3>\n\n\n\n<h5 class=\"wp-block-heading\"><\/h5>","protected":false},"excerpt":{"rendered":"<p>&#8211; Nos Services &#8211; Voici les services offerts par l&rsquo;entreprise : B\u00e9ton Transport Bloc de b\u00e9ton d\u00e9coratifs \u00c9poxy VOIR NOS PARTENAIRES Pourquoi choisir Cimentiers Dynamiques ? Car, nous avons l&rsquo;expertise dont vous avez besoin afin d&rsquo;assurer la r\u00e9ussite de vos projets! Nous Contacter UNE \u00c9QUIPE EN B\u00c9TON ! \u00a0 Informations 295, Boulevard Des Hauteurs, Saint-J\u00e9r\u00f4me, [&hellip;]<\/p>\n","protected":false},"author":1,"featured_media":0,"parent":0,"menu_order":0,"comment_status":"closed","ping_status":"closed","template":"","meta":{"footnotes":""},"class_list":["post-313","page","type-page","status-publish","hentry","has-post-title","has-post-date","has-post-category","has-post-tag","has-post-comment","has-post-author",""],"builder_content":"<h1>- Nos Services -<\/h1>\n<h3>Voici les services offerts par l'entreprise :<br\/><\/h3>\n<img src=\"https:\/\/cimentiersdynamiques.com\/wp-content\/uploads\/2023\/01\/275142544_376906664256835_1348634810115462203_n-768x1024-358x258.jpg\" width=\"358\" height=\"258\" title=\"275142544_376906664256835_1348634810115462203_n\" alt=\"275142544_376906664256835_1348634810115462203_n\">\n<h3><a href=\"https:\/\/cimentiersdynamiques.com\/index.php\/realisations\/\">B\u00e9ton<\/a><\/h3>\n<img src=\"https:\/\/cimentiersdynamiques.com\/wp-content\/uploads\/2023\/01\/275839620_920693721931981_6640563839100527869_n-2-1024x768-358x258.jpg\" width=\"358\" height=\"258\" title=\"275839620_920693721931981_6640563839100527869_n (2)\" alt=\"275839620_920693721931981_6640563839100527869_n (2)\">\n<h3><a href=\"https:\/\/cimentiersdynamiques.com\/index.php\/home-2\/\">Transport<\/a><\/h3>\n<img src=\"https:\/\/cimentiersdynamiques.com\/wp-content\/uploads\/2023\/01\/IMG_1701-4-1024x768-358x258.jpg\" width=\"358\" height=\"258\" title=\"IMG_1701 (4)\" alt=\"IMG_1701 (4)\">\n<h3><a href=\"https:\/\/cimentiersdynamiques.com\/index.php\/blocsdecoratifs\/\">Bloc de b\u00e9ton d\u00e9coratifs<\/a><\/h3>\n<img src=\"https:\/\/cimentiersdynamiques.com\/wp-content\/uploads\/2024\/01\/lorrie2-768x1024-358x258.jpg\" width=\"358\" height=\"258\" title=\"lorrie2\" alt=\"lorrie2\">\n<h3><a href=\"https:\/\/cimentiersdynamiques.com\/index.php\/epoxy\/\">\u00c9poxy<\/a><\/h3>\n<h3>VOIR NOS PARTENAIRES<br\/><\/h3>\n<h3>Pourquoi choisir Cimentiers Dynamiques ?<\/h3> <h6><em><strong>Car, nous avons l'expertise dont vous avez besoin afin d'assurer la r\u00e9ussite de vos projets!<\/strong><\/em><\/h6>\n<a href=\"http:\/\/cimentiersdynamiques.com\/index.php\/contact\/\" > <em><svg aria-hidden=\"true\"><use href=\"#tf-ti-user\"><\/use><\/svg><\/em> Nous Contacter <\/a>\n<img src=\"https:\/\/cimentiersdynamiques.com\/wp-content\/uploads\/2020\/04\/stacks-image-1bc93d6-1-365x92.png\" width=\"365\" height=\"92\" title=\"stacks-image-1bc93d6\" alt=\"stacks-image-1bc93d6\" srcset=\"https:\/\/cimentiersdynamiques.com\/wp-content\/uploads\/2020\/04\/stacks-image-1bc93d6-1-365x92.png 365w, https:\/\/cimentiersdynamiques.com\/wp-content\/uploads\/2020\/04\/stacks-image-1bc93d6-1-300x76.png 300w, https:\/\/cimentiersdynamiques.com\/wp-content\/uploads\/2020\/04\/stacks-image-1bc93d6-1-978x248.png 978w, https:\/\/cimentiersdynamiques.com\/wp-content\/uploads\/2020\/04\/stacks-image-1bc93d6-1.png 550w\" sizes=\"(max-width: 365px) 100vw, 365px\" \/>\n<h3 style=\"text-align: center;\"><em><strong>UNE \u00c9QUIPE EN B\u00c9TON !<\/strong><\/em><\/h3>\n<hr> <h3 style=\"text-align: center;\">\u00a0<\/h3>\n<p style=\"text-align: left;\">Informations<\/p>\n<a href=\"www.google.com\/maps\"> <em style=\"color:#000000\"><svg aria-hidden=\"true\"><use href=\"#tf-ti-location-pin\"><\/use><\/svg><\/em> 295, Boulevard Des Hauteurs, Saint-J\u00e9r\u00f4me, QC, J7Y 5E7 <\/a> <a href=\"www.outlook.live.com\"> <em style=\"color:#000000\"><svg aria-hidden=\"true\"><use href=\"#tf-ti-email\"><\/use><\/svg><\/em> info@cimentiersdynamiques.com <\/a> <em style=\"color:#000000\"><svg aria-hidden=\"true\"><use href=\"#tf-ti-mobile\"><\/use><\/svg><\/em> (450) 432-9943 <a href=\"https:\/\/www.pes.rbq.gouv.qc.ca\/RegistreLicences\"> <em style=\"color:#000000\"><svg aria-hidden=\"true\"><use href=\"#tf-ti-bookmark-alt\"><\/use><\/svg><\/em> Licence RBQ : # 5586-5455-01 <\/a>\n<hr> <p style=\"text-align: left;\">\u00a0<\/p>\n<p style=\"text-align: center;\">SUIVEZ-NOUS<\/p>\n<a href=\"https:\/\/www.facebook.com\/lescimentiersdynamiques\"> <em><svg aria-hidden=\"true\"><use href=\"#tf-ti-facebook\"><\/use><\/svg><\/em> <\/a> <a href=\"https:\/\/www.instagram.com\/cimentiers_dynamiques\/\"> <em><svg aria-hidden=\"true\"><use href=\"#tf-ti-instagram\"><\/use><\/svg><\/em> <\/a> <a href=\"https:\/\/g.page\/r\/CQLXADjQbby6EB0\/review\"> <em><svg aria-hidden=\"true\"><use href=\"#tf-fab-google\"><\/use><\/svg><\/em> <\/a> <a href=\"https:\/\/www.tiktok.com\/@cimentiers_dynamiques\"> <em style=\"color:#000000\"><svg aria-hidden=\"true\"><use href=\"#tf-fab-tiktok\"><\/use><\/svg><\/em> <\/a>","_links":{"self":[{"href":"https:\/\/cimentiersdynamiques.com\/index.php\/wp-json\/wp\/v2\/pages\/313","targetHints":{"allow":["GET"]}}],"collection":[{"href":"https:\/\/cimentiersdynamiques.com\/index.php\/wp-json\/wp\/v2\/pages"}],"about":[{"href":"https:\/\/cimentiersdynamiques.com\/index.php\/wp-json\/wp\/v2\/types\/page"}],"author":[{"embeddable":true,"href":"https:\/\/cimentiersdynamiques.com\/index.php\/wp-json\/wp\/v2\/users\/1"}],"replies":[{"embeddable":true,"href":"https:\/\/cimentiersdynamiques.com\/index.php\/wp-json\/wp\/v2\/comments?post=313"}],"version-history":[{"count":171,"href":"https:\/\/cimentiersdynamiques.com\/index.php\/wp-json\/wp\/v2\/pages\/313\/revisions"}],"predecessor-version":[{"id":3952,"href":"https:\/\/cimentiersdynamiques.com\/index.php\/wp-json\/wp\/v2\/pages\/313\/revisions\/3952"}],"wp:attachment":[{"href":"https:\/\/cimentiersdynamiques.com\/index.php\/wp-json\/wp\/v2\/media?parent=313"}],"curies":[{"name":"wp","href":"https:\/\/api.w.org\/{rel}","templated":true}]}}