{"id":310,"date":"2019-10-12T04:02:54","date_gmt":"2019-10-12T04:02:54","guid":{"rendered":"https:\/\/themify.me\/demo\/themes\/construction\/?page_id=5"},"modified":"2025-03-07T12:43:12","modified_gmt":"2025-03-07T17:43:12","slug":"home","status":"publish","type":"page","link":"https:\/\/cimentiersdynamiques.com\/","title":{"rendered":"Accueil"},"content":{"rendered":"<!--themify_builder_content-->\n<div id=\"themify_builder_content-310\" data-postid=\"310\" class=\"themify_builder_content themify_builder_content-310 themify_builder tf_clear\">\n    \t\t\t\t<div  data-css_id=\"ipcq716\" data-lazy=\"1\" class=\"module_row themify_builder_row fullheight fullwidth tb_ipcq716 tb_first tf_w\" data-tbfullwidthvideo=\"https:\/\/youtu.be\/61yt0g6o_J4\">\n\t\t\t<span class=\"builder_row_cover tf_abs\"><\/span>\t\t\t<div class=\"row_inner col_align_middle tb_col_count_2 tf_box tf_rel\">\n\t\t\t\t\t\t<div  data-lazy=\"1\" class=\"module_column tb-column col3-2 tb_dely716 first\">\n\t\t\t\t\t<!-- module text -->\n<div  class=\"module module-text tb_2s75716   \" data-lazy=\"1\">\n\t    <div  class=\"tb_text_wrap\">\n\t\t<h1>NOUS REFL\u00c8TONS NOTRE PASSION DANS VOS PROJETS.<\/h1>    <\/div>\n<\/div>\n<!-- \/module text --><!-- module text -->\n<div  class=\"module module-text tb_hr3s717   \" data-lazy=\"1\">\n\t    <div  class=\"tb_text_wrap\">\n\t\t<p>PR\u00c9SCISION ET QUALIT\u00c9 SONT NOS 2 MOTS CL\u00c9S.<\/p>    <\/div>\n<\/div>\n<!-- \/module text --><!-- module buttons -->\n<div  class=\"module module-buttons tb_rmwk717 buttons-horizontal outline   squared\" data-lazy=\"1\">\n\t\t<div class=\"module-buttons-item tf_in_flx\">\n\t\t\t\t\t\t<a href=\"http:\/\/cimentiersdynamiques.com\/index.php\/soumissionnez\/\" class=\"ui builder_button tf_in_flx tb_default_color\" >\n\t\t\t\t\t\t\t\t\t\t\t\tOBTENIR UNE SOUMISSION\t\t\t\t\t\t\t\t\t\t<\/a>\n\t\t\t\t<\/div>\n\t\t\t<\/div>\n<!-- \/module buttons -->\n\t\t<\/div>\n\t\t\t\t\t<div  data-lazy=\"1\" class=\"module_column tb-column col3-1 tb_v81v717 last\">\n\t\t\t\t\t\t\t<\/div>\n\t\t\t\t\t\t<\/div>\n\t\t<\/div>\n\t\t\t\t\t\t<div  data-css_id=\"95ki496\" data-lazy=\"1\" class=\"module_row themify_builder_row fullwidth tb_95ki496 tf_w\">\n\t\t\t\t\t\t<div class=\"row_inner col_align_bottom gutter-none col_auto_height tb_col_count_2 tf_box tf_rel\">\n\t\t\t\t\t\t<div  data-lazy=\"1\" class=\"module_column tb-column col4-2 tb_4nxg497 first\">\n\t\t\t\t\t<!-- module text -->\n<div  class=\"module module-text tb_2tvr498   \" data-lazy=\"1\">\n\t    <div  class=\"tb_text_wrap\">\n\t\t<h2><span style=\"color: #003366;\"><span style=\"vertical-align: inherit;\"><span style=\"vertical-align: inherit;\"><span style=\"vertical-align: inherit;\"><span style=\"vertical-align: inherit;\"><span style=\"vertical-align: inherit;\"><span style=\"vertical-align: inherit;\">DEPUIS PLUS DE VINGT ANS.<\/span><\/span><\/span><\/span><\/span><\/span><\/span><\/h2>\n<p><span style=\"color: #003366;\"><span style=\"vertical-align: inherit;\"><span style=\"vertical-align: inherit;\"><span style=\"vertical-align: inherit;\"><span style=\"vertical-align: inherit;\"><span style=\"vertical-align: inherit;\"><span style=\"vertical-align: inherit;\">Cimentiers dynamiques est une entreprise familiale qui \u0153uvre dans le domaine du b\u00e9ton et du transport. Un de nos buts premiers consiste \u00e0 offrir un service hors pair \u00e0 notre client\u00e8le ainsi que maintenir un environnement de travail sain et s\u00e9curitaire pour l&rsquo;ensemble du personnel.<\/span><\/span><\/span><\/span><\/span><\/span><\/span><\/p>    <\/div>\n<\/div>\n<!-- \/module text --><!-- module buttons -->\n<div  class=\"module module-buttons tb_4rht498 buttons-horizontal solid   squared\" data-lazy=\"1\">\n\t\t<div class=\"module-buttons-item tf_in_flx\">\n\t\t\t\t\t\t<a href=\"https:\/\/cimentiersdynamiques.com\/index.php\/about\/\" class=\"ui builder_button tf_in_flx black\" >\n\t\t\t\t\t\t\t\t\t\t\t\t\u00c0 Propos\t\t\t\t\t\t\t\t\t\t<em><svg  class=\"tf_fa tf-ti-arrow-circle-right\" aria-hidden=\"true\"><use href=\"#tf-ti-arrow-circle-right\"><\/use><\/svg><\/em>\t\t\t\t\t\t\t<\/a>\n\t\t\t\t<\/div>\n\t\t\t<\/div>\n<!-- \/module buttons -->\n\t\t<\/div>\n\t\t\t\t\t<div  data-lazy=\"1\" class=\"module_column tb-column col4-2 tb_qjj1499 last\">\n\t\t\t\t\t<!-- module image -->\n<div  class=\"module module-image tb_duu4499 image-center   auto_fullwidth tf_mw\" data-lazy=\"1\">\n        <div class=\"image-wrap tf_rel tf_mw\">\n\t\t    <img loading=\"lazy\" decoding=\"async\" src=\"https:\/\/cimentiersdynamiques.com\/wp-content\/uploads\/2025\/01\/DSC02008.jpg\" width=\"288\" height=\"189\" title=\"Accueil\" alt=\"Accueil\">\t\n\t\t<\/div>\n\t<!-- \/image-wrap -->\n    \n    \t<\/div>\n<!-- \/module image -->\t\t<\/div>\n\t\t\t\t\t\t<\/div>\n\t\t<\/div>\n\t\t\t\t\t\t<div  data-css_id=\"kiw2250\" data-lazy=\"1\" class=\"module_row themify_builder_row fullwidth tb_kiw2250 tf_w\">\n\t\t\t\t\t\t<div class=\"row_inner col_align_middle gutter-none tb_col_count_3 tf_box tf_rel\">\n\t\t\t\t\t\t<div  data-lazy=\"1\" class=\"module_column tb-column col3-1 tb_o3pb252 first\">\n\t\t<span class=\"builder_row_cover tf_abs\"><\/span>\t\t\t<!-- module buttons -->\n<div  class=\"module module-buttons tb_81xq253 buttons-horizontal outline  large squared\" data-lazy=\"1\">\n\t\t<div class=\"module-buttons-item tf_in_flx\">\n\t\t\t\t\t\t<a href=\"http:\/\/cimentiersdynamiques.com\/index.php\/beton\/\" class=\"ui builder_button tf_in_flx tb_default_color\" >\n\t\t\t\t\t\t\t\t\t\t\t\tR\u00c9ALISATIONS\t\t\t\t\t\t\t\t\t\t<\/a>\n\t\t\t\t<\/div>\n\t\t\t<\/div>\n<!-- \/module buttons -->\n\t\t<\/div>\n\t\t\t\t\t<div  data-lazy=\"1\" class=\"module_column tb-column col3-1 tb_itla253\">\n\t\t<span class=\"builder_row_cover tf_abs\"><\/span>\t\t\t<!-- module buttons -->\n<div  class=\"module module-buttons tb_spr6254 buttons-horizontal outline  large squared\" data-lazy=\"1\">\n\t\t<div class=\"module-buttons-item tf_in_flx\">\n\t\t\t\t\t\t<a href=\"https:\/\/cimentiersdynamiques.com\/index.php\/home-2\/\" class=\"ui builder_button tf_in_flx tb_default_color\" >\n\t\t\t\t\t\t\t\t\t\t\t\tTRANSPORT\t\t\t\t\t\t\t\t\t\t<\/a>\n\t\t\t\t<\/div>\n\t\t\t<\/div>\n<!-- \/module buttons -->\n\t\t<\/div>\n\t\t\t\t\t<div  data-lazy=\"1\" class=\"module_column tb-column col3-1 tb_d6kn254 last\">\n\t\t<span class=\"builder_row_cover tf_abs\"><\/span>\t\t\t<!-- module buttons -->\n<div  class=\"module module-buttons tb_9h2z255 buttons-horizontal outline  large squared\" data-lazy=\"1\">\n\t\t<div class=\"module-buttons-item tf_in_flx\">\n\t\t\t\t\t\t<a href=\"https:\/\/cimentiersdynamiques.com\/index.php\/blocsdecoratifs\/\" class=\"ui builder_button tf_in_flx tb_default_color\" >\n\t\t\t\t\t\t\t\t\t\t\t\tBlocs de b\u00e9ton d\u00e9coratifs\t\t\t\t\t\t\t\t\t\t<\/a>\n\t\t\t\t<\/div>\n\t\t\t<\/div>\n<!-- \/module buttons -->\n\t\t<\/div>\n\t\t\t\t\t\t<\/div>\n\t\t<\/div>\n\t\t\t\t\t\t<div  data-css_id=\"arsu354\" data-lazy=\"1\" class=\"module_row themify_builder_row fullwidth tb_arsu354 tf_w\">\n\t\t\t\t\t\t<div class=\"row_inner col_align_bottom gutter-none col_auto_height tb_col_count_2 tf_box tf_rel\">\n\t\t\t\t\t\t<div  data-lazy=\"1\" class=\"module_column tb-column col4-3 tb_rdko212 first\">\n\t\t\t\t\t<!-- module image -->\n<div  class=\"module module-image tb_8oo1212 image-left   auto_fullwidth tf_mw\" data-lazy=\"1\">\n        <div class=\"image-wrap tf_rel tf_mw\">\n\t\t    <img loading=\"lazy\" decoding=\"async\" src=\"https:\/\/cimentiersdynamiques.com\/wp-content\/uploads\/2022\/09\/IMG_0461-1024x683-769x476.jpg\" width=\"769\" height=\"476\" class=\"wp-post-image wp-image-1959\" title=\"IMG_0461\" alt=\"IMG_0461\">\t\n\t\t<\/div>\n\t<!-- \/image-wrap -->\n    \n    \t<\/div>\n<!-- \/module image -->\t\t<\/div>\n\t\t\t\t\t<div  data-lazy=\"1\" class=\"module_column tb-column col4-1 tb_fv8y828 last\">\n\t\t\t\t\t<!-- module text -->\n<div  class=\"module module-text tb_16nf828   \" data-lazy=\"1\">\n\t    <div  class=\"tb_text_wrap\">\n\t\t<h2 style=\"text-align: right;\"><span style=\"color: #112347;\">CARRI\u00c8RE<\/span><\/h2>\n<p style=\"text-align: right;\"><span style=\"color: #112347;\">Rejoindre Cimentiers Dynamiques est la premi\u00e8re \u00e9tape vers un avenir prometteur !<br>Actifs(ves), d\u00e9brouillards(es) et ponctuels(es) sont les seuls pr\u00e9requis.\u00a0<\/span><\/p>\n<p>\u00a0<\/p>    <\/div>\n<\/div>\n<!-- \/module text --><!-- module buttons -->\n<div  class=\"module module-buttons tb_c4yv829 buttons-horizontal solid   squared\" data-lazy=\"1\">\n\t\t<div class=\"module-buttons-item tf_in_flx\">\n\t\t\t\t\t\t<a href=\"https:\/\/cimentiersdynamiques.com\/index.php\/carriere\/\" class=\"ui builder_button tf_in_flx black\" >\n\t\t\t\t\t\t\t\t\t\t\t\tPOSTULEZ\t\t\t\t\t\t\t\t\t\t<em><svg  class=\"tf_fa tf-ti-angle-right\" aria-hidden=\"true\"><use href=\"#tf-ti-angle-right\"><\/use><\/svg><\/em>\t\t\t\t\t\t\t<\/a>\n\t\t\t\t<\/div>\n\t\t\t<\/div>\n<!-- \/module buttons -->\n\t\t<\/div>\n\t\t\t\t\t\t<\/div>\n\t\t<\/div>\n\t\t\t\t\t\t<div  data-css_id=\"jwje49\" data-lazy=\"1\" class=\"module_row themify_builder_row fullwidth tb_jwje49 tf_w\">\n\t\t\t<span class=\"builder_row_cover tf_abs\"><\/span>\t\t\t<div class=\"row_inner col_align_top tb_col_count_1 tf_box tf_rel\">\n\t\t\t\t\t\t<div  data-lazy=\"1\" class=\"module_column tb-column col-full tb_pwqn51 first\">\n\t\t\t\t\t\t\t<div  data-lazy=\"1\" class=\"module_subrow themify_builder_sub_row tf_w col_align_middle tb_col_count_2 tb_sazo207\">\n\t\t\t\t<div  data-lazy=\"1\" class=\"module_column sub_column col4-2 tb_e838208 first\">\n\t\t\t\t\t<!-- module text -->\n<div  class=\"module module-text tb_pac4256   \" data-lazy=\"1\">\n\t    <div  class=\"tb_text_wrap\">\n\t\t<h3><span style=\"color: #ffffff;\">Soumissions Gratuites<\/span><\/h3>\n<p><span style=\"color: #ffffff;\">Envoyer nous votre projet par courriel !<\/span><\/p>    <\/div>\n<\/div>\n<!-- \/module text -->\t\t<\/div>\n\t\t\t\t\t<div  data-lazy=\"1\" class=\"module_column sub_column col4-2 tb_83g9733 last\">\n\t\t\t\t\t<!-- module buttons -->\n<div  class=\"module module-buttons tb_p9ut966 buttons-horizontal outline   squared\" data-lazy=\"1\">\n\t\t<div class=\"module-buttons-item tf_in_flx\">\n\t\t\t\t\t\t<a href=\"https:\/\/cimentiersdynamiques.com\/index.php\/soumissionnez\/\" class=\"ui builder_button tf_in_flx tb_default_color\" >\n\t\t\t\t\t\t\t\t\t<em><svg  class=\"tf_fa tf-ti-email\" aria-hidden=\"true\"><use href=\"#tf-ti-email\"><\/use><\/svg><\/em>\t\t\t\t\t\t\t\t\t\tSOUMISSIONER\t\t\t\t\t\t\t\t\t\t<\/a>\n\t\t\t\t<\/div>\n\t\t\t<\/div>\n<!-- \/module buttons -->\n\t\t<\/div>\n\t\t\t\t\t<\/div>\n\t\t\t\t<\/div>\n\t\t\t\t\t\t<\/div>\n\t\t<\/div>\n\t\t\t\t\t\t<div  data-lazy=\"1\" class=\"module_row themify_builder_row tb_zm34254 tf_w\">\n\t\t\t\t\t\t<div class=\"row_inner col_align_top tb_col_count_1 tf_box tf_rel\">\n\t\t\t\t\t\t<div  data-lazy=\"1\" class=\"module_column tb-column col-full tb_37zq254 first\">\n\t\t\t\t\t\t\t<div  data-lazy=\"1\" class=\"module_subrow themify_builder_sub_row tf_w col_align_top tb_col_count_1 tb_fd18254\">\n\t\t\t\t<div  data-lazy=\"1\" class=\"module_column sub_column col-full tb_vbul254 first\">\n\t\t\t\t\t<!-- module fancy heading -->\n<div  class=\"module module-fancy-heading tb_auz9254 \" data-lazy=\"1\">\n\t    <h3 class=\"fancy-heading tf_textc\">\n    <span class=\"main-head tf_block\">\n\t\t\t\t\t<a href=\"https:\/\/cimentiersdynamiques.com\/index.php\/home-2-2\/\">VOIR NOS PARTENAIRES<\/a>\n\t\t    <\/span>\n\n\t\t\t<span class=\"tb_fancy_heading_icon_wrap tf_block\">\n\t\t\t<span class=\"tb_fancy_heading_border tf_rel\"><\/span>\t\t\t<span class=\"tb_fancy_heading_icon\">\n\t\t\t\t\t\t\t\t\t<em><svg  class=\"tf_fa tf-ti-arrow-circle-right\" aria-hidden=\"true\"><use href=\"#tf-ti-arrow-circle-right\"><\/use><\/svg><\/em>\n\t\t\t\t\t\t\t<\/span>\n\t\t\t<span class=\"tb_fancy_heading_border tf_rel\"><\/span>\t\t<\/span>\n\t\n    <span class=\"sub-head tf_block tf_rel\">\n\t\t\t\t\t\t\t    <\/span>\n    <\/h3>\n<\/div>\n<!-- \/module fancy heading -->\n\t\t<\/div>\n\t\t\t\t\t<\/div>\n\t\t\t\t<\/div>\n\t\t\t\t\t\t<\/div>\n\t\t<\/div>\n\t\t\t\t\t\t<div  data-lazy=\"1\" class=\"module_row themify_builder_row tb_ome21 tf_w\">\n\t\t\t\t\t\t<div class=\"row_inner col_align_top gutter-none tb_col_count_3 tf_box tf_rel\">\n\t\t\t\t\t\t<div  data-lazy=\"1\" class=\"module_column tb-column col4-1 tb_rf341 first\">\n\t\t\t\t\t<!-- module image -->\n<div  class=\"module module-image tb_nkp11 image-center   tf_mw\" data-lazy=\"1\">\n        <div class=\"image-wrap tf_rel tf_mw\">\n\t\t    <img loading=\"lazy\" decoding=\"async\" src=\"https:\/\/cimentiersdynamiques.com\/wp-content\/uploads\/2020\/04\/stacks-image-1bc93d6-1-365x92.png\" width=\"365\" height=\"92\" class=\"wp-post-image wp-image-540\" title=\"stacks-image-1bc93d6\" alt=\"stacks-image-1bc93d6\" srcset=\"https:\/\/cimentiersdynamiques.com\/wp-content\/uploads\/2020\/04\/stacks-image-1bc93d6-1-365x92.png 365w, https:\/\/cimentiersdynamiques.com\/wp-content\/uploads\/2020\/04\/stacks-image-1bc93d6-1-300x76.png 300w, https:\/\/cimentiersdynamiques.com\/wp-content\/uploads\/2020\/04\/stacks-image-1bc93d6-1-978x248.png 978w, https:\/\/cimentiersdynamiques.com\/wp-content\/uploads\/2020\/04\/stacks-image-1bc93d6-1.png 550w\" sizes=\"auto, (max-width: 365px) 100vw, 365px\" \/>\t\n\t\t<\/div>\n\t<!-- \/image-wrap -->\n    \n    \t<\/div>\n<!-- \/module image --><!-- module text -->\n<div  class=\"module module-text tb_gfcz1   \" data-lazy=\"1\">\n\t    <div  class=\"tb_text_wrap\">\n\t\t<h3 style=\"text-align: center;\"><em><span style=\"color: #333333;\"><strong>UNE \u00c9QUIPE EN B\u00c9TON !<\/strong><\/span><\/em><\/h3>    <\/div>\n<\/div>\n<!-- \/module text --><!-- module text -->\n<div  class=\"module module-text tb_x6wi1   \" data-lazy=\"1\">\n\t    <div  class=\"tb_text_wrap\">\n\t\t<hr>\n<h3 style=\"text-align: center;\">\u00a0<\/h3>    <\/div>\n<\/div>\n<!-- \/module text -->\t\t<\/div>\n\t\t\t\t\t<div  data-lazy=\"1\" class=\"module_column tb-column col4-2 tb_5z2p1\">\n\t\t\t\t\t<!-- module text -->\n<div  class=\"module module-text tb_fiti1   \" data-lazy=\"1\">\n\t    <div  class=\"tb_text_wrap\">\n\t\t<p style=\"text-align: left;\">Informations<\/p>    <\/div>\n<\/div>\n<!-- \/module text --><!-- module icon -->\n<div  class=\"module module-icon tb_zwwg1  small none icon_vertical \" data-lazy=\"1\">\n\t\t\t<div class=\"module-icon-item\">\n\t\t\t\t\t\t\t<a href=\"www.google.com\/maps\">\n\t\t\t\t\t\t\t\t\t\t\t\t\t\t\t\t\t<em class=\"tf_box\" style=\"color:#000000\"><svg  class=\"tf_fa tf-ti-location-pin\" aria-hidden=\"true\"><use href=\"#tf-ti-location-pin\"><\/use><\/svg><\/em>\n\t\t\t\t\t\t\t\t\t\t\t\t\t\t\t\t\t\t\t<span>295, Boulevard Des Hauteurs, Saint-J\u00e9r\u00f4me, QC, J7Y 5E7<\/span>\n\t\t\t\t\t\t\t\t\t\t\t\t\t\t\t\t\t<\/a>\n\t\t\t\t\t<\/div>\n\t\t\t<div class=\"module-icon-item\">\n\t\t\t\t\t\t\t<a href=\"www.outlook.live.com\">\n\t\t\t\t\t\t\t\t\t\t\t\t\t\t\t\t\t<em class=\"tf_box\" style=\"color:#000000\"><svg  class=\"tf_fa tf-ti-email\" aria-hidden=\"true\"><use href=\"#tf-ti-email\"><\/use><\/svg><\/em>\n\t\t\t\t\t\t\t\t\t\t\t\t\t\t\t\t\t\t\t<span>info@cimentiersdynamiques.com<\/span>\n\t\t\t\t\t\t\t\t\t\t\t\t\t\t\t\t\t<\/a>\n\t\t\t\t\t<\/div>\n\t\t\t<div class=\"module-icon-item\">\n\t\t\t\t\t\t\t\t\t\t\t\t\t\t\t\t<em class=\"tf_box\" style=\"color:#000000\"><svg  class=\"tf_fa tf-ti-mobile\" aria-hidden=\"true\"><use href=\"#tf-ti-mobile\"><\/use><\/svg><\/em>\n\t\t\t\t\t\t\t\t\t\t\t\t\t\t\t\t\t\t\t<span>(450) 432-9943<\/span>\n\t\t\t\t\t\t\t\t\t\t\t\t\t\t\t<\/div>\n\t\t\t<div class=\"module-icon-item\">\n\t\t\t\t\t\t\t<a href=\"https:\/\/www.pes.rbq.gouv.qc.ca\/RegistreLicences\">\n\t\t\t\t\t\t\t\t\t\t\t\t\t\t\t\t\t<em class=\"tf_box\" style=\"color:#000000\"><svg  class=\"tf_fa tf-ti-bookmark-alt\" aria-hidden=\"true\"><use href=\"#tf-ti-bookmark-alt\"><\/use><\/svg><\/em>\n\t\t\t\t\t\t\t\t\t\t\t\t\t\t\t\t\t\t\t<span>Licence RBQ : # 5586-5455-01<\/span>\n\t\t\t\t\t\t\t\t\t\t\t\t\t\t\t\t\t<\/a>\n\t\t\t\t\t<\/div>\n\t<\/div>\n<!-- \/module icon -->\n\t\t<\/div>\n\t\t\t\t\t<div  data-lazy=\"1\" class=\"module_column tb-column col4-1 tb_fh271 last\">\n\t\t\t\t\t<!-- module text -->\n<div  class=\"module module-text tb_nrk41   \" data-lazy=\"1\">\n\t    <div  class=\"tb_text_wrap\">\n\t\t<hr>\n<p style=\"text-align: left;\">\u00a0<\/p>    <\/div>\n<\/div>\n<!-- \/module text --><!-- module text -->\n<div  class=\"module module-text tb_94az1   \" data-lazy=\"1\">\n\t    <div  class=\"tb_text_wrap\">\n\t\t<p style=\"text-align: center;\">SUIVEZ-NOUS<\/p>    <\/div>\n<\/div>\n<!-- \/module text --><!-- module icon -->\n<div  class=\"module module-icon tb_05x51   none icon_horizontal tf_textc\" data-lazy=\"1\">\n\t\t\t<div class=\"module-icon-item\">\n\t\t\t\t\t\t\t<a href=\"https:\/\/www.facebook.com\/lescimentiersdynamiques\">\n\t\t\t\t\t\t\t\t\t\t\t\t\t\t\t\t\t<em class=\"tf_box\"><svg  class=\"tf_fa tf-ti-facebook\" aria-hidden=\"true\"><use href=\"#tf-ti-facebook\"><\/use><\/svg><\/em>\n\t\t\t\t\t\t\t\t\t\t\t\t\t\t\t\t<\/a>\n\t\t\t\t\t<\/div>\n\t\t\t<div class=\"module-icon-item\">\n\t\t\t\t\t\t\t<a href=\"https:\/\/www.instagram.com\/cimentiers_dynamiques\/\">\n\t\t\t\t\t\t\t\t\t\t\t\t\t\t\t\t\t<em class=\"tf_box\"><svg  class=\"tf_fa tf-ti-instagram\" aria-hidden=\"true\"><use href=\"#tf-ti-instagram\"><\/use><\/svg><\/em>\n\t\t\t\t\t\t\t\t\t\t\t\t\t\t\t\t<\/a>\n\t\t\t\t\t<\/div>\n\t\t\t<div class=\"module-icon-item\">\n\t\t\t\t\t\t\t<a href=\"https:\/\/g.page\/r\/CQLXADjQbby6EB0\/review\">\n\t\t\t\t\t\t\t\t\t\t\t\t\t\t\t\t\t<em class=\"tf_box\"><svg  class=\"tf_fa tf-fab-google\" aria-hidden=\"true\"><use href=\"#tf-fab-google\"><\/use><\/svg><\/em>\n\t\t\t\t\t\t\t\t\t\t\t\t\t\t\t\t<\/a>\n\t\t\t\t\t<\/div>\n\t\t\t<div class=\"module-icon-item\">\n\t\t\t\t\t\t\t<a href=\"https:\/\/www.tiktok.com\/@cimentiers_dynamiques\">\n\t\t\t\t\t\t\t\t\t\t\t\t\t\t\t\t\t<em class=\"tf_box\" style=\"color:#000000\"><svg  class=\"tf_fa tf-fab-tiktok\" aria-hidden=\"true\"><use href=\"#tf-fab-tiktok\"><\/use><\/svg><\/em>\n\t\t\t\t\t\t\t\t\t\t\t\t\t\t\t\t<\/a>\n\t\t\t\t\t<\/div>\n\t<\/div>\n<!-- \/module icon -->\n\t\t<\/div>\n\t\t\t\t\t\t<\/div>\n\t\t<\/div>\n\t\t<\/div>\n<!--\/themify_builder_content-->","protected":false},"excerpt":{"rendered":"<p>NOUS REFL\u00c8TONS NOTRE PASSION DANS VOS PROJETS.<\/p>\n","protected":false},"author":1,"featured_media":0,"parent":0,"menu_order":0,"comment_status":"closed","ping_status":"closed","template":"","meta":{"footnotes":""},"class_list":["post-310","page","type-page","status-publish","hentry","has-post-title","has-post-date","has-post-category","has-post-tag","has-post-comment","has-post-author",""],"builder_content":"<h1>NOUS REFL\u00c8TONS NOTRE PASSION DANS VOS PROJETS.<\/h1>\n<p>PR\u00c9SCISION ET QUALIT\u00c9 SONT NOS 2 MOTS CL\u00c9S.<\/p>\n<a href=\"http:\/\/cimentiersdynamiques.com\/index.php\/soumissionnez\/\" > OBTENIR UNE SOUMISSION <\/a>\n<h2>DEPUIS PLUS DE VINGT ANS.<\/h2> <p>Cimentiers dynamiques est une entreprise familiale qui \u0153uvre dans le domaine du b\u00e9ton et du transport. Un de nos buts premiers consiste \u00e0 offrir un service hors pair \u00e0 notre client\u00e8le ainsi que maintenir un environnement de travail sain et s\u00e9curitaire pour l'ensemble du personnel.<\/p>\n<a href=\"https:\/\/cimentiersdynamiques.com\/index.php\/about\/\" > \u00c0 Propos <em><svg aria-hidden=\"true\"><use href=\"#tf-ti-arrow-circle-right\"><\/use><\/svg><\/em> <\/a>\n<img src=\"https:\/\/cimentiersdynamiques.com\/wp-content\/uploads\/2025\/01\/DSC02008.jpg\" width=\"288\" height=\"189\" title=\"Accueil\" alt=\"Accueil\">\n<a href=\"http:\/\/cimentiersdynamiques.com\/index.php\/beton\/\" > R\u00c9ALISATIONS <\/a>\n<a href=\"https:\/\/cimentiersdynamiques.com\/index.php\/home-2\/\" > TRANSPORT <\/a>\n<a href=\"https:\/\/cimentiersdynamiques.com\/index.php\/blocsdecoratifs\/\" > Blocs de b\u00e9ton d\u00e9coratifs <\/a>\n<img src=\"https:\/\/cimentiersdynamiques.com\/wp-content\/uploads\/2022\/09\/IMG_0461-1024x683-769x476.jpg\" width=\"769\" height=\"476\" title=\"IMG_0461\" alt=\"IMG_0461\">\n<h2 style=\"text-align: right;\">CARRI\u00c8RE<\/h2> <p style=\"text-align: right;\">Rejoindre Cimentiers Dynamiques est la premi\u00e8re \u00e9tape vers un avenir prometteur !<br>Actifs(ves), d\u00e9brouillards(es) et ponctuels(es) sont les seuls pr\u00e9requis.\u00a0<\/p> <p>\u00a0<\/p>\n<a href=\"https:\/\/cimentiersdynamiques.com\/index.php\/carriere\/\" > POSTULEZ <em><svg aria-hidden=\"true\"><use href=\"#tf-ti-angle-right\"><\/use><\/svg><\/em> <\/a>\n<h3>Soumissions Gratuites<\/h3> <p>Envoyer nous votre projet par courriel !<\/p>\n<a href=\"https:\/\/cimentiersdynamiques.com\/index.php\/soumissionnez\/\" > <em><svg aria-hidden=\"true\"><use href=\"#tf-ti-email\"><\/use><\/svg><\/em> SOUMISSIONER <\/a>\n<h3>VOIR NOS PARTENAIRES<br\/><\/h3>\n<img src=\"https:\/\/cimentiersdynamiques.com\/wp-content\/uploads\/2020\/04\/stacks-image-1bc93d6-1-365x92.png\" width=\"365\" height=\"92\" title=\"stacks-image-1bc93d6\" alt=\"stacks-image-1bc93d6\" srcset=\"https:\/\/cimentiersdynamiques.com\/wp-content\/uploads\/2020\/04\/stacks-image-1bc93d6-1-365x92.png 365w, https:\/\/cimentiersdynamiques.com\/wp-content\/uploads\/2020\/04\/stacks-image-1bc93d6-1-300x76.png 300w, https:\/\/cimentiersdynamiques.com\/wp-content\/uploads\/2020\/04\/stacks-image-1bc93d6-1-978x248.png 978w, https:\/\/cimentiersdynamiques.com\/wp-content\/uploads\/2020\/04\/stacks-image-1bc93d6-1.png 550w\" sizes=\"(max-width: 365px) 100vw, 365px\" \/>\n<h3 style=\"text-align: center;\"><em><strong>UNE \u00c9QUIPE EN B\u00c9TON !<\/strong><\/em><\/h3>\n<hr> <h3 style=\"text-align: center;\">\u00a0<\/h3>\n<p style=\"text-align: left;\">Informations<\/p>\n<a href=\"www.google.com\/maps\"> <em style=\"color:#000000\"><svg aria-hidden=\"true\"><use href=\"#tf-ti-location-pin\"><\/use><\/svg><\/em> 295, Boulevard Des Hauteurs, Saint-J\u00e9r\u00f4me, QC, J7Y 5E7 <\/a> <a href=\"www.outlook.live.com\"> <em style=\"color:#000000\"><svg aria-hidden=\"true\"><use href=\"#tf-ti-email\"><\/use><\/svg><\/em> info@cimentiersdynamiques.com <\/a> <em style=\"color:#000000\"><svg aria-hidden=\"true\"><use href=\"#tf-ti-mobile\"><\/use><\/svg><\/em> (450) 432-9943 <a href=\"https:\/\/www.pes.rbq.gouv.qc.ca\/RegistreLicences\"> <em style=\"color:#000000\"><svg aria-hidden=\"true\"><use href=\"#tf-ti-bookmark-alt\"><\/use><\/svg><\/em> Licence RBQ : # 5586-5455-01 <\/a>\n<hr> <p style=\"text-align: left;\">\u00a0<\/p>\n<p style=\"text-align: center;\">SUIVEZ-NOUS<\/p>\n<a href=\"https:\/\/www.facebook.com\/lescimentiersdynamiques\"> <em><svg aria-hidden=\"true\"><use href=\"#tf-ti-facebook\"><\/use><\/svg><\/em> <\/a> <a href=\"https:\/\/www.instagram.com\/cimentiers_dynamiques\/\"> <em><svg aria-hidden=\"true\"><use href=\"#tf-ti-instagram\"><\/use><\/svg><\/em> <\/a> <a href=\"https:\/\/g.page\/r\/CQLXADjQbby6EB0\/review\"> <em><svg aria-hidden=\"true\"><use href=\"#tf-fab-google\"><\/use><\/svg><\/em> <\/a> <a href=\"https:\/\/www.tiktok.com\/@cimentiers_dynamiques\"> <em style=\"color:#000000\"><svg aria-hidden=\"true\"><use href=\"#tf-fab-tiktok\"><\/use><\/svg><\/em> <\/a>","_links":{"self":[{"href":"https:\/\/cimentiersdynamiques.com\/index.php\/wp-json\/wp\/v2\/pages\/310","targetHints":{"allow":["GET"]}}],"collection":[{"href":"https:\/\/cimentiersdynamiques.com\/index.php\/wp-json\/wp\/v2\/pages"}],"about":[{"href":"https:\/\/cimentiersdynamiques.com\/index.php\/wp-json\/wp\/v2\/types\/page"}],"author":[{"embeddable":true,"href":"https:\/\/cimentiersdynamiques.com\/index.php\/wp-json\/wp\/v2\/users\/1"}],"replies":[{"embeddable":true,"href":"https:\/\/cimentiersdynamiques.com\/index.php\/wp-json\/wp\/v2\/comments?post=310"}],"version-history":[{"count":691,"href":"https:\/\/cimentiersdynamiques.com\/index.php\/wp-json\/wp\/v2\/pages\/310\/revisions"}],"predecessor-version":[{"id":3978,"href":"https:\/\/cimentiersdynamiques.com\/index.php\/wp-json\/wp\/v2\/pages\/310\/revisions\/3978"}],"wp:attachment":[{"href":"https:\/\/cimentiersdynamiques.com\/index.php\/wp-json\/wp\/v2\/media?parent=310"}],"curies":[{"name":"wp","href":"https:\/\/api.w.org\/{rel}","templated":true}]}}