{"id":1389,"date":"2020-04-15T16:11:37","date_gmt":"2020-04-15T20:11:37","guid":{"rendered":"http:\/\/cimentiersdynamiques.com\/?page_id=1389"},"modified":"2025-03-07T11:59:44","modified_gmt":"2025-03-07T16:59:44","slug":"location-camions","status":"publish","type":"page","link":"https:\/\/cimentiersdynamiques.com\/index.php\/location-camions\/","title":{"rendered":"Location Camions"},"content":{"rendered":"<!--themify_builder_content-->\n<div id=\"themify_builder_content-1389\" data-postid=\"1389\" class=\"themify_builder_content themify_builder_content-1389 themify_builder tf_clear\">\n    \t\t\t\t<div  data-lazy=\"1\" class=\"module_row themify_builder_row tb_9g42534 tb_first tf_w\">\n\t\t\t<span class=\"builder_row_cover tf_abs\"><\/span>\t\t\t<div class=\"row_inner col_align_top tb_col_count_1 tf_box tf_rel\">\n\t\t\t\t\t\t<div  data-lazy=\"1\" class=\"module_column tb-column col-full tb_0y3i537 first\">\n\t\t\t\t\t<!-- module fancy heading -->\n<div  class=\"module module-fancy-heading tb_u42x538 \" data-lazy=\"1\">\n\t    <h1 class=\"fancy-heading\">\n    <span class=\"main-head tf_block\">\n\t\t\t\t\tLocations Camions\t\t    <\/span>\n\n\t\n    <span class=\"sub-head tf_block tf_rel\">\n\t\t\t\t\tVeuillez-nous indiquez le type de camions ainsi que la quantit\u00e9 d\u00e9sir\u00e9.\t\t    <\/span>\n    <\/h1>\n<\/div>\n<!-- \/module fancy heading -->\n\t\t<\/div>\n\t\t\t\t\t\t<\/div>\n\t\t<\/div>\n\t\t\t\t\t\t<div  data-lazy=\"1\" class=\"module_row themify_builder_row tb_5ouy535 tf_w\">\n\t\t\t\t\t\t<div class=\"row_inner col_align_top tb_col_count_1 tf_box tf_rel\">\n\t\t\t\t\t\t<div  data-lazy=\"1\" class=\"module_column tb-column col-full tb_fko0547 first\">\n\t\t\t\t\t<!-- module text -->\n<div  class=\"module module-text tb_0p4f547   \" data-lazy=\"1\">\n\t    <div  class=\"tb_text_wrap\">\n\t\t<p style=\"text-align: center;\">\n<div class=\"wpcf7 no-js\" id=\"wpcf7-f1557-o1\" lang=\"fr-FR\" dir=\"ltr\" data-wpcf7-id=\"1557\">\n<div class=\"screen-reader-response\"><p role=\"status\" aria-live=\"polite\" aria-atomic=\"true\"><\/p> <ul><\/ul><\/div>\n<form action=\"\/index.php\/wp-json\/wp\/v2\/pages\/1389#wpcf7-f1557-o1\" method=\"post\" class=\"wpcf7-form init\" aria-label=\"Formulaire de contact\" novalidate=\"novalidate\" data-status=\"init\">\n<fieldset class=\"hidden-fields-container\"><input type=\"hidden\" name=\"_wpcf7\" value=\"1557\" \/><input type=\"hidden\" name=\"_wpcf7_version\" value=\"6.1.5\" \/><input type=\"hidden\" name=\"_wpcf7_locale\" value=\"fr_FR\" \/><input type=\"hidden\" name=\"_wpcf7_unit_tag\" value=\"wpcf7-f1557-o1\" \/><input type=\"hidden\" name=\"_wpcf7_container_post\" value=\"0\" \/><input type=\"hidden\" name=\"_wpcf7_posted_data_hash\" value=\"\" \/><input type=\"hidden\" name=\"_wpcf7_recaptcha_response\" value=\"\" \/>\n<\/fieldset>\n<p><label> Nom & Pr\u00e9nom<br \/>\n<span class=\"wpcf7-form-control-wrap\" data-name=\"your-name\"><input size=\"40\" maxlength=\"400\" class=\"wpcf7-form-control wpcf7-text wpcf7-validates-as-required\" aria-required=\"true\" aria-invalid=\"false\" value=\"\" type=\"text\" name=\"your-name\" \/><\/span> <\/label>\n<\/p>\n<p><label> Courriel<br \/>\n<span class=\"wpcf7-form-control-wrap\" data-name=\"your-email\"><input size=\"40\" maxlength=\"400\" class=\"wpcf7-form-control wpcf7-email wpcf7-validates-as-required wpcf7-text wpcf7-validates-as-email\" aria-required=\"true\" aria-invalid=\"false\" value=\"\" type=\"email\" name=\"your-email\" \/><\/span> <\/label>\n<\/p>\n<p><label> T\u00e9l\u00e9phone<br \/>\n<span class=\"wpcf7-form-control-wrap\" data-name=\"your-tel\"><input size=\"40\" maxlength=\"400\" class=\"wpcf7-form-control wpcf7-tel wpcf7-text wpcf7-validates-as-tel\" aria-invalid=\"false\" value=\"\" type=\"tel\" name=\"your-tel\" \/><\/span> <\/label>\n<\/p>\n<p><label> Objet<br \/>\n<span class=\"wpcf7-form-control-wrap\" data-name=\"your-subject\"><input size=\"40\" maxlength=\"400\" class=\"wpcf7-form-control wpcf7-text\" aria-invalid=\"false\" value=\"\" type=\"text\" name=\"your-subject\" \/><\/span> <\/label>\n<\/p>\n<p><span class=\"wpcf7-form-control-wrap\" data-name=\"checkbox-954\"><span class=\"wpcf7-form-control wpcf7-checkbox\"><span class=\"wpcf7-list-item first\"><input type=\"checkbox\" name=\"checkbox-954[]\" value=\"1X 12 roues\" \/><span class=\"wpcf7-list-item-label\">1X 12 roues<\/span><\/span><span class=\"wpcf7-list-item\"><input type=\"checkbox\" name=\"checkbox-954[]\" value=\"2X 12 roues\" \/><span class=\"wpcf7-list-item-label\">2X 12 roues<\/span><\/span><span class=\"wpcf7-list-item last\"><input type=\"checkbox\" name=\"checkbox-954[]\" value=\"3 et + 12 roues\" \/><span class=\"wpcf7-list-item-label\">3 et + 12 roues<\/span><\/span><\/span><\/span>\n<\/p>\n<p><span class=\"wpcf7-form-control-wrap\" data-name=\"checkbox-562\"><span class=\"wpcf7-form-control wpcf7-checkbox\"><span class=\"wpcf7-list-item first\"><input type=\"checkbox\" name=\"checkbox-562[]\" value=\"1X Semi-trailer 2 essieux\" \/><span class=\"wpcf7-list-item-label\">1X Semi-trailer 2 essieux<\/span><\/span><span class=\"wpcf7-list-item\"><input type=\"checkbox\" name=\"checkbox-562[]\" value=\"2X Semi-trailer 2 essieux\" \/><span class=\"wpcf7-list-item-label\">2X Semi-trailer 2 essieux<\/span><\/span><span class=\"wpcf7-list-item last\"><input type=\"checkbox\" name=\"checkbox-562[]\" value=\"3X et + Semi-trailer 2 essieux\" \/><span class=\"wpcf7-list-item-label\">3X et + Semi-trailer 2 essieux<\/span><\/span><\/span><\/span>\n<\/p>\n<p><span class=\"wpcf7-form-control-wrap\" data-name=\"checkbox-562\"><span class=\"wpcf7-form-control wpcf7-checkbox\"><span class=\"wpcf7-list-item first\"><input type=\"checkbox\" name=\"checkbox-562[]\" value=\"1X Semi-trailer 3 essieux ACIER\" \/><span class=\"wpcf7-list-item-label\">1X Semi-trailer 3 essieux ACIER<\/span><\/span><span class=\"wpcf7-list-item\"><input type=\"checkbox\" name=\"checkbox-562[]\" value=\"2X Semi-trailer 3 essieux ACIER\" \/><span class=\"wpcf7-list-item-label\">2X Semi-trailer 3 essieux ACIER<\/span><\/span><span class=\"wpcf7-list-item last\"><input type=\"checkbox\" name=\"checkbox-562[]\" value=\"3X et + Semi-trailer 3 essieux ACIER\" \/><span class=\"wpcf7-list-item-label\">3X et + Semi-trailer 3 essieux ACIER<\/span><\/span><\/span><\/span>\n<\/p>\n<p><span class=\"wpcf7-form-control-wrap\" data-name=\"checkbox-562\"><span class=\"wpcf7-form-control wpcf7-checkbox\"><span class=\"wpcf7-list-item first\"><input type=\"checkbox\" name=\"checkbox-562[]\" value=\"1X Semi-trailer 3 essieux ALUMINIUM\" \/><span class=\"wpcf7-list-item-label\">1X Semi-trailer 3 essieux ALUMINIUM<\/span><\/span><span class=\"wpcf7-list-item\"><input type=\"checkbox\" name=\"checkbox-562[]\" value=\"2X Semi-trailer 3 essieux ALUMINIUM\" \/><span class=\"wpcf7-list-item-label\">2X Semi-trailer 3 essieux ALUMINIUM<\/span><\/span><span class=\"wpcf7-list-item last\"><input type=\"checkbox\" name=\"checkbox-562[]\" value=\"3X et + Semi-trailer 3 essieux ALUMINIUM\" \/><span class=\"wpcf7-list-item-label\">3X et + Semi-trailer 3 essieux ALUMINIUM<\/span><\/span><\/span><\/span>\n<\/p>\n<p><span class=\"wpcf7-form-control-wrap\" data-name=\"checkbox-18\"><span class=\"wpcf7-form-control wpcf7-checkbox\"><span class=\"wpcf7-list-item first\"><input type=\"checkbox\" name=\"checkbox-18[]\" value=\"1X B\u00e9tonni\u00e8re\" \/><span class=\"wpcf7-list-item-label\">1X B\u00e9tonni\u00e8re<\/span><\/span><span class=\"wpcf7-list-item\"><input type=\"checkbox\" name=\"checkbox-18[]\" value=\"2X B\u00e9tonni\u00e8re\" \/><span class=\"wpcf7-list-item-label\">2X B\u00e9tonni\u00e8re<\/span><\/span><span class=\"wpcf7-list-item last\"><input type=\"checkbox\" name=\"checkbox-18[]\" value=\"3 et + B\u00e9tonni\u00e8re\" \/><span class=\"wpcf7-list-item-label\">3 et + B\u00e9tonni\u00e8re<\/span><\/span><\/span><\/span>\n<\/p>\n<p><span class=\"wpcf7-form-control-wrap\" data-name=\"menu-738\"><select class=\"wpcf7-form-control wpcf7-select wpcf7-validates-as-required\" aria-required=\"true\" aria-invalid=\"false\" name=\"menu-738\"><option value=\"Comment avez-vous entendu parler de nous ?\">Comment avez-vous entendu parler de nous ?<\/option><option value=\"R\u00e9f\u00e9rence\">R\u00e9f\u00e9rence<\/option><option value=\"R\u00e9seaux Sociaux\">R\u00e9seaux Sociaux<\/option><option value=\"Google\">Google<\/option><option value=\"Panneau publicitaire\">Panneau publicitaire<\/option><\/select><\/span>\n<\/p>\n<p><label> Votre message<br \/>\n<span class=\"wpcf7-form-control-wrap\" data-name=\"your-message\"><textarea cols=\"40\" rows=\"10\" maxlength=\"2000\" class=\"wpcf7-form-control wpcf7-textarea\" aria-invalid=\"false\" name=\"your-message\"><\/textarea><\/span> <\/label>\n<\/p>\n<p><input class=\"wpcf7-form-control wpcf7-submit has-spinner\" type=\"submit\" value=\"Envoyer\" \/>\n<\/p><div class=\"wpcf7-response-output\" aria-hidden=\"true\"><\/div>\n<\/form>\n<\/div>\n<\/p>    <\/div>\n<\/div>\n<!-- \/module text -->\t\t<\/div>\n\t\t\t\t\t\t<\/div>\n\t\t<\/div>\n\t\t\t\t\t\t<div  data-lazy=\"1\" class=\"module_row themify_builder_row tb_3cip670 tf_w\">\n\t\t\t\t\t\t<div class=\"row_inner col_align_top tb_col_count_1 tf_box tf_rel\">\n\t\t\t\t\t\t<div  data-lazy=\"1\" class=\"module_column tb-column col-full tb_hmck670 first\">\n\t\t\t\t\t\t\t<div  data-lazy=\"1\" class=\"module_subrow themify_builder_sub_row tf_w col_align_top tb_col_count_1 tb_vdir670\">\n\t\t\t\t<div  data-lazy=\"1\" class=\"module_column sub_column col-full tb_igqf670 first\">\n\t\t\t\t\t<!-- module fancy heading -->\n<div  class=\"module module-fancy-heading tb_2hl5670 \" data-lazy=\"1\">\n\t    <h3 class=\"fancy-heading tf_textc\">\n    <span class=\"main-head tf_block\">\n\t\t\t\t\t<a href=\"https:\/\/cimentiersdynamiques.com\/index.php\/home-2-2\/\">VOIR NOS PARTENAIRES<\/a>\n\t\t    <\/span>\n\n\t\t\t<span class=\"tb_fancy_heading_icon_wrap tf_block\">\n\t\t\t<span class=\"tb_fancy_heading_border tf_rel\"><\/span>\t\t\t<span class=\"tb_fancy_heading_icon\">\n\t\t\t\t\t\t\t\t\t<em><svg  class=\"tf_fa tf-ti-arrow-circle-right\" aria-hidden=\"true\"><use href=\"#tf-ti-arrow-circle-right\"><\/use><\/svg><\/em>\n\t\t\t\t\t\t\t<\/span>\n\t\t\t<span class=\"tb_fancy_heading_border tf_rel\"><\/span>\t\t<\/span>\n\t\n    <span class=\"sub-head tf_block tf_rel\">\n\t\t\t\t\t\t\t    <\/span>\n    <\/h3>\n<\/div>\n<!-- \/module fancy heading -->\n\t\t<\/div>\n\t\t\t\t\t<\/div>\n\t\t\t\t<\/div>\n\t\t\t\t\t\t<\/div>\n\t\t<\/div>\n\t\t\t\t\t\t<div  data-lazy=\"1\" class=\"module_row themify_builder_row tb_34yi253 tf_w\">\n\t\t\t\t\t\t<div class=\"row_inner col_align_top gutter-none tb_col_count_3 tf_box tf_rel\">\n\t\t\t\t\t\t<div  data-lazy=\"1\" class=\"module_column tb-column col4-1 tb_pfq6253 first\">\n\t\t\t\t\t<!-- module image -->\n<div  class=\"module module-image tb_zhsw253 image-center   tf_mw\" data-lazy=\"1\">\n        <div class=\"image-wrap tf_rel tf_mw\">\n\t\t    <img loading=\"lazy\" decoding=\"async\" src=\"https:\/\/cimentiersdynamiques.com\/wp-content\/uploads\/2020\/04\/stacks-image-1bc93d6-1-365x92.png\" width=\"365\" height=\"92\" class=\"wp-post-image wp-image-540\" title=\"stacks-image-1bc93d6\" alt=\"stacks-image-1bc93d6\" srcset=\"https:\/\/cimentiersdynamiques.com\/wp-content\/uploads\/2020\/04\/stacks-image-1bc93d6-1-365x92.png 365w, https:\/\/cimentiersdynamiques.com\/wp-content\/uploads\/2020\/04\/stacks-image-1bc93d6-1-300x76.png 300w, https:\/\/cimentiersdynamiques.com\/wp-content\/uploads\/2020\/04\/stacks-image-1bc93d6-1-978x248.png 978w, https:\/\/cimentiersdynamiques.com\/wp-content\/uploads\/2020\/04\/stacks-image-1bc93d6-1.png 550w\" sizes=\"auto, (max-width: 365px) 100vw, 365px\" \/>\t\n\t\t<\/div>\n\t<!-- \/image-wrap -->\n    \n    \t<\/div>\n<!-- \/module image --><!-- module text -->\n<div  class=\"module module-text tb_vp2z253   \" data-lazy=\"1\">\n\t    <div  class=\"tb_text_wrap\">\n\t\t<h3 style=\"text-align: center;\"><em><span style=\"color: #333333;\"><strong>UNE \u00c9QUIPE EN B\u00c9TON !<\/strong><\/span><\/em><\/h3>    <\/div>\n<\/div>\n<!-- \/module text --><!-- module text -->\n<div  class=\"module module-text tb_r7me253   \" data-lazy=\"1\">\n\t    <div  class=\"tb_text_wrap\">\n\t\t<hr>\n<h3 style=\"text-align: center;\">\u00a0<\/h3>    <\/div>\n<\/div>\n<!-- \/module text -->\t\t<\/div>\n\t\t\t\t\t<div  data-lazy=\"1\" class=\"module_column tb-column col4-2 tb_zkiw253\">\n\t\t\t\t\t<!-- module text -->\n<div  class=\"module module-text tb_x5hk253   \" data-lazy=\"1\">\n\t    <div  class=\"tb_text_wrap\">\n\t\t<p style=\"text-align: left;\">Informations<\/p>    <\/div>\n<\/div>\n<!-- \/module text --><!-- module icon -->\n<div  class=\"module module-icon tb_wzu1253  small none icon_vertical \" data-lazy=\"1\">\n\t\t\t<div class=\"module-icon-item\">\n\t\t\t\t\t\t\t<a href=\"www.google.com\/maps\">\n\t\t\t\t\t\t\t\t\t\t\t\t\t\t\t\t\t<em class=\"tf_box\" style=\"color:#000000\"><svg  class=\"tf_fa tf-ti-location-pin\" aria-hidden=\"true\"><use href=\"#tf-ti-location-pin\"><\/use><\/svg><\/em>\n\t\t\t\t\t\t\t\t\t\t\t\t\t\t\t\t\t\t\t<span>295, Boulevard Des Hauteurs, Saint-J\u00e9r\u00f4me, QC, J7Y 5E7<\/span>\n\t\t\t\t\t\t\t\t\t\t\t\t\t\t\t\t\t<\/a>\n\t\t\t\t\t<\/div>\n\t\t\t<div class=\"module-icon-item\">\n\t\t\t\t\t\t\t<a href=\"www.outlook.live.com\">\n\t\t\t\t\t\t\t\t\t\t\t\t\t\t\t\t\t<em class=\"tf_box\" style=\"color:#000000\"><svg  class=\"tf_fa tf-ti-email\" aria-hidden=\"true\"><use href=\"#tf-ti-email\"><\/use><\/svg><\/em>\n\t\t\t\t\t\t\t\t\t\t\t\t\t\t\t\t\t\t\t<span>info@cimentiersdynamiques.com<\/span>\n\t\t\t\t\t\t\t\t\t\t\t\t\t\t\t\t\t<\/a>\n\t\t\t\t\t<\/div>\n\t\t\t<div class=\"module-icon-item\">\n\t\t\t\t\t\t\t\t\t\t\t\t\t\t\t\t<em class=\"tf_box\" style=\"color:#000000\"><svg  class=\"tf_fa tf-ti-mobile\" aria-hidden=\"true\"><use href=\"#tf-ti-mobile\"><\/use><\/svg><\/em>\n\t\t\t\t\t\t\t\t\t\t\t\t\t\t\t\t\t\t\t<span>(450) 432-9943<\/span>\n\t\t\t\t\t\t\t\t\t\t\t\t\t\t\t<\/div>\n\t\t\t<div class=\"module-icon-item\">\n\t\t\t\t\t\t\t<a href=\"https:\/\/www.pes.rbq.gouv.qc.ca\/RegistreLicences\">\n\t\t\t\t\t\t\t\t\t\t\t\t\t\t\t\t\t<em class=\"tf_box\" style=\"color:#000000\"><svg  class=\"tf_fa tf-ti-bookmark-alt\" aria-hidden=\"true\"><use href=\"#tf-ti-bookmark-alt\"><\/use><\/svg><\/em>\n\t\t\t\t\t\t\t\t\t\t\t\t\t\t\t\t\t\t\t<span>Licence RBQ : # 5586-5455-01<\/span>\n\t\t\t\t\t\t\t\t\t\t\t\t\t\t\t\t\t<\/a>\n\t\t\t\t\t<\/div>\n\t<\/div>\n<!-- \/module icon -->\n\t\t<\/div>\n\t\t\t\t\t<div  data-lazy=\"1\" class=\"module_column tb-column col4-1 tb_ds8p253 last\">\n\t\t\t\t\t<!-- module text -->\n<div  class=\"module module-text tb_acoq253   \" data-lazy=\"1\">\n\t    <div  class=\"tb_text_wrap\">\n\t\t<hr>\n<p style=\"text-align: left;\">\u00a0<\/p>    <\/div>\n<\/div>\n<!-- \/module text --><!-- module text -->\n<div  class=\"module module-text tb_yvaf253   \" data-lazy=\"1\">\n\t    <div  class=\"tb_text_wrap\">\n\t\t<p style=\"text-align: center;\">SUIVEZ-NOUS<\/p>    <\/div>\n<\/div>\n<!-- \/module text --><!-- module icon -->\n<div  class=\"module module-icon tb_sqk5253   none icon_horizontal tf_textc\" data-lazy=\"1\">\n\t\t\t<div class=\"module-icon-item\">\n\t\t\t\t\t\t\t<a href=\"https:\/\/www.facebook.com\/lescimentiersdynamiques\">\n\t\t\t\t\t\t\t\t\t\t\t\t\t\t\t\t\t<em class=\"tf_box\"><svg  class=\"tf_fa tf-ti-facebook\" aria-hidden=\"true\"><use href=\"#tf-ti-facebook\"><\/use><\/svg><\/em>\n\t\t\t\t\t\t\t\t\t\t\t\t\t\t\t\t<\/a>\n\t\t\t\t\t<\/div>\n\t\t\t<div class=\"module-icon-item\">\n\t\t\t\t\t\t\t<a href=\"https:\/\/www.instagram.com\/cimentiers_dynamiques\/\">\n\t\t\t\t\t\t\t\t\t\t\t\t\t\t\t\t\t<em class=\"tf_box\"><svg  class=\"tf_fa tf-ti-instagram\" aria-hidden=\"true\"><use href=\"#tf-ti-instagram\"><\/use><\/svg><\/em>\n\t\t\t\t\t\t\t\t\t\t\t\t\t\t\t\t<\/a>\n\t\t\t\t\t<\/div>\n\t\t\t<div class=\"module-icon-item\">\n\t\t\t\t\t\t\t<a href=\"https:\/\/g.page\/r\/CQLXADjQbby6EB0\/review\">\n\t\t\t\t\t\t\t\t\t\t\t\t\t\t\t\t\t<em class=\"tf_box\"><svg  class=\"tf_fa tf-fab-google\" aria-hidden=\"true\"><use href=\"#tf-fab-google\"><\/use><\/svg><\/em>\n\t\t\t\t\t\t\t\t\t\t\t\t\t\t\t\t<\/a>\n\t\t\t\t\t<\/div>\n\t\t\t<div class=\"module-icon-item\">\n\t\t\t\t\t\t\t<a href=\"https:\/\/www.tiktok.com\/@cimentiers_dynamiques\">\n\t\t\t\t\t\t\t\t\t\t\t\t\t\t\t\t\t<em class=\"tf_box\" style=\"color:#000000\"><svg  class=\"tf_fa tf-fab-tiktok\" aria-hidden=\"true\"><use href=\"#tf-fab-tiktok\"><\/use><\/svg><\/em>\n\t\t\t\t\t\t\t\t\t\t\t\t\t\t\t\t<\/a>\n\t\t\t\t\t<\/div>\n\t<\/div>\n<!-- \/module icon -->\n\t\t<\/div>\n\t\t\t\t\t\t<\/div>\n\t\t<\/div>\n\t\t<\/div>\n<!--\/themify_builder_content-->","protected":false},"excerpt":{"rendered":"<p>Locations CamionsVeuillez-nous indiquez le type de camions ainsi que la quantit\u00e9 d\u00e9sir\u00e9. VOIR NOS PARTENAIRES UNE \u00c9QUIPE EN B\u00c9TON ! \u00a0 Informations 295, Boulevard Des Hauteurs, Saint-J\u00e9r\u00f4me, QC, J7Y 5E7 info@cimentiersdynamiques.com (450) 432-9943 Licence RBQ : # 5586-5455-01 \u00a0 SUIVEZ-NOUS<\/p>\n","protected":false},"author":1,"featured_media":0,"parent":0,"menu_order":0,"comment_status":"closed","ping_status":"closed","template":"","meta":{"footnotes":""},"class_list":["post-1389","page","type-page","status-publish","hentry","has-post-title","has-post-date","has-post-category","has-post-tag","has-post-comment","has-post-author",""],"builder_content":"<h1>Locations Camions<br\/>Veuillez-nous indiquez le type de camions ainsi que la quantit\u00e9 d\u00e9sir\u00e9.<\/h1>\n<p style=\"text-align: center;\">[contact-form-7 id=\"1557\" title=\"Transport\"]<\/p>\n<h3>VOIR NOS PARTENAIRES<br\/><\/h3>\n<img src=\"https:\/\/cimentiersdynamiques.com\/wp-content\/uploads\/2020\/04\/stacks-image-1bc93d6-1-365x92.png\" width=\"365\" height=\"92\" title=\"stacks-image-1bc93d6\" alt=\"stacks-image-1bc93d6\" srcset=\"https:\/\/cimentiersdynamiques.com\/wp-content\/uploads\/2020\/04\/stacks-image-1bc93d6-1-365x92.png 365w, https:\/\/cimentiersdynamiques.com\/wp-content\/uploads\/2020\/04\/stacks-image-1bc93d6-1-300x76.png 300w, https:\/\/cimentiersdynamiques.com\/wp-content\/uploads\/2020\/04\/stacks-image-1bc93d6-1-978x248.png 978w, https:\/\/cimentiersdynamiques.com\/wp-content\/uploads\/2020\/04\/stacks-image-1bc93d6-1.png 550w\" sizes=\"(max-width: 365px) 100vw, 365px\" \/>\n<h3 style=\"text-align: center;\"><em><strong>UNE \u00c9QUIPE EN B\u00c9TON !<\/strong><\/em><\/h3>\n<hr> <h3 style=\"text-align: center;\">\u00a0<\/h3>\n<p style=\"text-align: left;\">Informations<\/p>\n<a href=\"www.google.com\/maps\"> <em style=\"color:#000000\"><svg aria-hidden=\"true\"><use href=\"#tf-ti-location-pin\"><\/use><\/svg><\/em> 295, Boulevard Des Hauteurs, Saint-J\u00e9r\u00f4me, QC, J7Y 5E7 <\/a> <a href=\"www.outlook.live.com\"> <em style=\"color:#000000\"><svg aria-hidden=\"true\"><use href=\"#tf-ti-email\"><\/use><\/svg><\/em> info@cimentiersdynamiques.com <\/a> <em style=\"color:#000000\"><svg aria-hidden=\"true\"><use href=\"#tf-ti-mobile\"><\/use><\/svg><\/em> (450) 432-9943 <a href=\"https:\/\/www.pes.rbq.gouv.qc.ca\/RegistreLicences\"> <em style=\"color:#000000\"><svg aria-hidden=\"true\"><use href=\"#tf-ti-bookmark-alt\"><\/use><\/svg><\/em> Licence RBQ : # 5586-5455-01 <\/a>\n<hr> <p style=\"text-align: left;\">\u00a0<\/p>\n<p style=\"text-align: center;\">SUIVEZ-NOUS<\/p>\n<a href=\"https:\/\/www.facebook.com\/lescimentiersdynamiques\"> <em><svg aria-hidden=\"true\"><use href=\"#tf-ti-facebook\"><\/use><\/svg><\/em> <\/a> <a href=\"https:\/\/www.instagram.com\/cimentiers_dynamiques\/\"> <em><svg aria-hidden=\"true\"><use href=\"#tf-ti-instagram\"><\/use><\/svg><\/em> <\/a> <a href=\"https:\/\/g.page\/r\/CQLXADjQbby6EB0\/review\"> <em><svg aria-hidden=\"true\"><use href=\"#tf-fab-google\"><\/use><\/svg><\/em> <\/a> <a href=\"https:\/\/www.tiktok.com\/@cimentiers_dynamiques\"> <em style=\"color:#000000\"><svg aria-hidden=\"true\"><use href=\"#tf-fab-tiktok\"><\/use><\/svg><\/em> <\/a>","_links":{"self":[{"href":"https:\/\/cimentiersdynamiques.com\/index.php\/wp-json\/wp\/v2\/pages\/1389","targetHints":{"allow":["GET"]}}],"collection":[{"href":"https:\/\/cimentiersdynamiques.com\/index.php\/wp-json\/wp\/v2\/pages"}],"about":[{"href":"https:\/\/cimentiersdynamiques.com\/index.php\/wp-json\/wp\/v2\/types\/page"}],"author":[{"embeddable":true,"href":"https:\/\/cimentiersdynamiques.com\/index.php\/wp-json\/wp\/v2\/users\/1"}],"replies":[{"embeddable":true,"href":"https:\/\/cimentiersdynamiques.com\/index.php\/wp-json\/wp\/v2\/comments?post=1389"}],"version-history":[{"count":25,"href":"https:\/\/cimentiersdynamiques.com\/index.php\/wp-json\/wp\/v2\/pages\/1389\/revisions"}],"predecessor-version":[{"id":3964,"href":"https:\/\/cimentiersdynamiques.com\/index.php\/wp-json\/wp\/v2\/pages\/1389\/revisions\/3964"}],"wp:attachment":[{"href":"https:\/\/cimentiersdynamiques.com\/index.php\/wp-json\/wp\/v2\/media?parent=1389"}],"curies":[{"name":"wp","href":"https:\/\/api.w.org\/{rel}","templated":true}]}}