{"id":1139,"date":"2020-04-14T12:10:25","date_gmt":"2020-04-14T16:10:25","guid":{"rendered":"http:\/\/cimentiersdynamiques.com\/?page_id=1139"},"modified":"2023-03-30T11:45:05","modified_gmt":"2023-03-30T15:45:05","slug":"scellant","status":"publish","type":"page","link":"https:\/\/cimentiersdynamiques.com\/index.php\/scellant\/","title":{"rendered":"Scellant"},"content":{"rendered":"<!--themify_builder_content-->\n<div id=\"themify_builder_content-1139\" data-postid=\"1139\" class=\"themify_builder_content themify_builder_content-1139 themify_builder tf_clear\">\n    \t\t\t\t<div  data-lazy=\"1\" class=\"module_row themify_builder_row tb_bbo8512 tb_first tf_w\">\n\t\t\t<span class=\"builder_row_cover tf_abs\"><\/span>\t\t\t<div class=\"row_inner col_align_top tb_col_count_2 tf_box tf_rel\">\n\t\t\t\t\t\t<div  data-lazy=\"1\" class=\"module_column tb-column col3-2 tb_i1kg513 first\">\n\t\t\t\t\t<!-- module text -->\n<div  class=\"module module-text tb_spij514   \" data-lazy=\"1\">\n\t    <div  class=\"tb_text_wrap\">\n\t\t<h1>Scellant<\/h1>    <\/div>\n<\/div>\n<!-- \/module text -->\t\t<\/div>\n\t\t\t\t\t<div  data-lazy=\"1\" class=\"module_column tb-column col3-1 tb_ebp1514 last\">\n\t\t\t\t\t\t\t<\/div>\n\t\t\t\t\t\t<\/div>\n\t\t<\/div>\n\t\t\t\t\t\t<div  data-lazy=\"1\" class=\"module_row themify_builder_row tb_xeot512 tf_w\">\n\t\t\t\t\t\t<div class=\"row_inner col_align_top tb_col_count_1 tf_box tf_rel\">\n\t\t\t\t\t\t<div  data-lazy=\"1\" class=\"module_column tb-column col-full tb_2wup515 first\">\n\t\t\t\t\t<!-- module text -->\n<div  class=\"module module-text tb_j4le515   \" data-lazy=\"1\">\n\t    <div  class=\"tb_text_wrap\">\n\t\t<h1 style=\"text-align: center;\">Prot\u00e9g\u00e9 votre b\u00e9ton d\u2019\u00e9ventuelles d\u00e9sagr\u00e9ments.<\/h1>    <\/div>\n<\/div>\n<!-- \/module text --><!-- module text -->\n<div  class=\"module module-text tb_4vwr307   \" data-lazy=\"1\">\n\t    <div  class=\"tb_text_wrap\">\n\t\t<h2 style=\"text-align: center;\">Avantages<\/h2>    <\/div>\n<\/div>\n<!-- \/module text -->\t\t<div  data-lazy=\"1\" class=\"module_subrow themify_builder_sub_row tf_w col_align_top tb_col_count_3 tb_5xew516\">\n\t\t\t\t<div  data-lazy=\"1\" class=\"module_column sub_column col3-1 tb_e00s517 first\">\n\t\t\t\t\t<!-- module text -->\n<div  class=\"module module-text tb_nn7i517  repeat \" data-lazy=\"1\">\n\t    <div  class=\"tb_text_wrap\">\n\t\t<ul>\n<li style=\"text-align: left;\">\n<h4>Prot\u00e8ge contre l&rsquo;infiltration de l&rsquo;eau, des huiles<\/h4>\n<\/li>\n<li>\n<h4>Prot\u00e8ge contre la chlorophylle des feuilles<\/h4>\n<\/li>\n<li>\n<h4>R\u00e9duit l&rsquo;accumulation des t\u00e2ches<\/h4>\n<\/li>\n<li>\n<h4>Durcit et scelle la surface imm\u00e9diatement<\/h4>\n<\/li>\n<\/ul>    <\/div>\n<\/div>\n<!-- \/module text -->\t\t<\/div>\n\t\t\t\t\t<div  data-lazy=\"1\" class=\"module_column sub_column col3-1 tb_eskd517\">\n\t\t\t\t\t<!-- module text -->\n<div  class=\"module module-text tb_yc7l369   \" data-lazy=\"1\">\n\t    <div  class=\"tb_text_wrap\">\n\t\t<ul>\n<li style=\"text-align: left;\">\n<h4>Pr\u00e9vient l\u2019effritement\u00a0<\/h4>\n<\/li>\n<li style=\"text-align: left;\">\n<h4>Film clair r\u00e9sistant au rayon UV (ne jaunit pas)<\/h4>\n<\/li>\n<li style=\"text-align: left;\">\n<h4>Aide \u00e0 r\u00e9sistez aux cycles gel\/d\u00e9gel<\/h4>\n<\/li>\n<li style=\"text-align: left;\">\n<h4>Peut \u00eatre appliquer sur de l&rsquo;ancien ciment.<\/h4>\n<\/li>\n<\/ul>    <\/div>\n<\/div>\n<!-- \/module text -->\t\t<\/div>\n\t\t\t\t\t<div  data-lazy=\"1\" class=\"module_column sub_column col3-1 tb_v0ai518 last\">\n\t\t\t\t\t<!-- module text -->\n<div  class=\"module module-text tb_wuoa579   \" data-lazy=\"1\">\n\t    <div  class=\"tb_text_wrap\">\n\t\t<ul>\n<li style=\"text-align: left;\">\n<h4>Ne change pas l&rsquo;aspect visuel<\/h4>\n<\/li>\n<li style=\"text-align: left;\">\n<h4>S\u00e9chage rapide\u00a0<\/h4>\n<\/li>\n<li style=\"text-align: left;\">\n<h4>Ne rend pas la surface glissante<\/h4>\n<\/li>\n<li style=\"text-align: left;\">\n<h4>R\u00e9sistante aux bact\u00e9ries, \u00e0 l&rsquo;humidit\u00e9 et facile \u00e0 nettoyer<\/h4>\n<\/li>\n<\/ul>    <\/div>\n<\/div>\n<!-- \/module text -->\t\t<\/div>\n\t\t\t\t\t<\/div>\n\t\t<!-- module text -->\n<div  class=\"module module-text tb_t9p9312   \" data-lazy=\"1\">\n\t    <div  class=\"tb_text_wrap\">\n\t\t<h2 style=\"text-align: center;\">Application<\/h2>    <\/div>\n<\/div>\n<!-- \/module text -->\t\t<div  data-lazy=\"1\" class=\"module_subrow themify_builder_sub_row tf_w col_align_top tb_col_count_3 tb_aj8d112\">\n\t\t\t\t<div  data-lazy=\"1\" class=\"module_column sub_column col3-1 tb_6tza113 first\">\n\t\t\t\t\t<!-- module text -->\n<div  class=\"module module-text tb_7yad114   \" data-lazy=\"1\">\n\t    <div  class=\"tb_text_wrap\">\n\t\t<ul>\n<li style=\"text-align: left;\">\n<h4>Appliquez \u00e0 l&rsquo;aide d&rsquo;un vaporisateur ou d&rsquo;un rouleau<\/h4>\n<\/li>\n<\/ul>    <\/div>\n<\/div>\n<!-- \/module text -->\t\t<\/div>\n\t\t\t\t\t<div  data-lazy=\"1\" class=\"module_column sub_column col3-1 tb_affz114\">\n\t\t\t\t\t\t\t<\/div>\n\t\t\t\t\t<div  data-lazy=\"1\" class=\"module_column sub_column col3-1 tb_hu2k950 last\">\n\t\t\t\t\t<!-- module text -->\n<div  class=\"module module-text tb_2rsu971   \" data-lazy=\"1\">\n\t    <div  class=\"tb_text_wrap\">\n\t\t<ul>\n<li style=\"text-align: left;\">\n<h4>15 heures avant de circuler sur la surface<\/h4>\n<\/li>\n<\/ul>    <\/div>\n<\/div>\n<!-- \/module text -->\t\t<\/div>\n\t\t\t\t\t<\/div>\n\t\t<!-- module text -->\n<div  class=\"module module-text tb_b0jh516   \" data-lazy=\"1\">\n\t    <div  class=\"tb_text_wrap\">\n\t\t<h2 style=\"text-align: center;\">Restrictions<\/h2>    <\/div>\n<\/div>\n<!-- \/module text -->\t\t<div  data-lazy=\"1\" class=\"module_subrow themify_builder_sub_row tf_w col_align_top tb_col_count_1 tb_0mmr472\">\n\t\t\t\t<div  data-lazy=\"1\" class=\"module_column sub_column col-full tb_an70473 first\">\n\t\t\t\t\t<!-- module text -->\n<div  class=\"module module-text tb_m2bz474   \" data-lazy=\"1\">\n\t    <div  class=\"tb_text_wrap\">\n\t\t<ul>\n<li style=\"text-align: left;\">\n<h4>Prot\u00e9ger de l&rsquo;humidit\u00e9, de la condensation et du contact avec l&rsquo;eau durant la p\u00e9riode de m\u00fbrissement initiale de 24heures.<\/h4>\n<\/li>\n<\/ul>    <\/div>\n<\/div>\n<!-- \/module text -->\t\t<\/div>\n\t\t\t\t\t<\/div>\n\t\t\t\t<\/div>\n\t\t\t\t\t\t<\/div>\n\t\t<\/div>\n\t\t\t\t\t\t<div  data-lazy=\"1\" class=\"module_row themify_builder_row tb_j3fw512 tf_w\">\n\t\t\t\t\t\t<div class=\"row_inner col_align_top tb_col_count_3 tf_box tf_rel\">\n\t\t\t\t\t\t<div  data-lazy=\"1\" class=\"module_column tb-column col3-1 tb_94kr519 first\">\n\t\t\t\t\t<!-- module gallery -->\n<div  class=\"module gallery module-gallery tb_sp3v519 layout-lightboxed  \" data-lazy=\"1\">\n        <dl class=\"gallery-item tf_hidden\">\n                    <dt class=\"gallery-icon\">\n\t\t\t\t<a data-title=\"no\" href=\"https:\/\/cimentiersdynamiques.com\/wp-content\/uploads\/2023\/01\/job-1555-scaled.jpg\" title=\"\" data-rel=\"tb_sp3v519\" class=\"themify_lightbox\">\n\t\t\n\t\t\t\t<img loading=\"lazy\" decoding=\"async\" src=\"https:\/\/cimentiersdynamiques.com\/wp-content\/uploads\/2023\/01\/job-1555-768x1024-300x200.jpg\" width=\"300\" height=\"200\" class=\"wp-post-image wp-image-2390\" title=\"Scellant\" alt=\"Scellant\">\n\t\t\t\t\t\t<\/a>\n\t\t\t<\/dt>\n        \t\t    <\/dl>\n\n<\/div>\n<!-- \/module gallery -->\t\t<\/div>\n\t\t\t\t\t<div  data-lazy=\"1\" class=\"module_column tb-column col3-1 tb_j1bv983\">\n\t\t\t\t\t<!-- module gallery -->\n<div  class=\"module gallery module-gallery tb_s8ie984 layout-lightboxed  \" data-lazy=\"1\">\n        <dl class=\"gallery-item tf_hidden\">\n                    <dt class=\"gallery-icon\">\n\t\t\t\t<a data-title=\"no\" href=\"https:\/\/cimentiersdynamiques.com\/wp-content\/uploads\/2023\/01\/IMG_0579.jpg\" title=\"IMG_0579\" data-rel=\"tb_s8ie984\" class=\"themify_lightbox\">\n\t\t\n\t\t\t\t<img loading=\"lazy\" decoding=\"async\" src=\"https:\/\/cimentiersdynamiques.com\/wp-content\/uploads\/2023\/01\/IMG_0579-1001x1024-300x200.jpg\" width=\"300\" height=\"200\" class=\"wp-post-image wp-image-2140\" title=\"IMG_0579\" alt=\"IMG_0579\">\n\t\t\t\t\t\t<\/a>\n\t\t\t<\/dt>\n        \t\t    <\/dl>\n\n<\/div>\n<!-- \/module gallery -->\t\t<\/div>\n\t\t\t\t\t<div  data-lazy=\"1\" class=\"module_column tb-column col3-1 tb_gizc328 last\">\n\t\t\t\t\t<!-- module gallery -->\n<div  class=\"module gallery module-gallery tb_o4po329 layout-lightboxed  \" data-lazy=\"1\">\n        <dl class=\"gallery-item tf_hidden\">\n                    <dt class=\"gallery-icon\">\n\t\t\t\t<a data-title=\"no\" href=\"https:\/\/cimentiersdynamiques.com\/wp-content\/uploads\/2023\/01\/job-15-scaled.jpg\" title=\"\" data-rel=\"tb_o4po329\" class=\"themify_lightbox\">\n\t\t\n\t\t\t\t<img loading=\"lazy\" decoding=\"async\" src=\"https:\/\/cimentiersdynamiques.com\/wp-content\/uploads\/2023\/01\/job-15-768x1024-300x200.jpg\" width=\"300\" height=\"200\" class=\"wp-post-image wp-image-2391\" title=\"Scellant\" alt=\"Scellant\">\n\t\t\t\t\t\t<\/a>\n\t\t\t<\/dt>\n        \t\t    <\/dl>\n\n<\/div>\n<!-- \/module gallery -->\t\t<\/div>\n\t\t\t\t\t\t<\/div>\n\t\t<\/div>\n\t\t\t\t\t\t<div  data-lazy=\"1\" class=\"module_row themify_builder_row tb_5uku512 tf_w\">\n\t\t\t\t\t\t<div class=\"row_inner col_align_top tb_col_count_1 tf_box tf_rel\">\n\t\t\t\t\t\t<div  data-lazy=\"1\" class=\"module_column tb-column col-full tb_dw7b521 first\">\n\t\t\t\t\t<!-- module fancy heading -->\n<div  class=\"module module-fancy-heading tb_k7sa521 \" data-lazy=\"1\">\n\t    <h1 class=\"fancy-heading tf_textc\">\n    <span class=\"main-head tf_block\">\n\t\t\t\t\tNous poss\u00e9dons l'expertise n\u00e9cessaire pour r\u00e9aliser vos travaux de fa\u00e7on impeccable.                                                                                                               \t\t    <\/span>\n\n\t\n    <span class=\"sub-head tf_block tf_rel\">\n\t\t\t\t\t\t\t    <\/span>\n    <\/h1>\n<\/div>\n<!-- \/module fancy heading -->\n\t\t<\/div>\n\t\t\t\t\t\t<\/div>\n\t\t<\/div>\n\t\t\t\t\t\t<div  data-lazy=\"1\" class=\"module_row themify_builder_row tb_2p5v180 tf_w\">\n\t\t\t\t\t\t<div class=\"row_inner col_align_top gutter-none tb_col_count_3 tf_box tf_rel\">\n\t\t\t\t\t\t<div  data-lazy=\"1\" class=\"module_column tb-column col4-1 tb_3wgk180 first\">\n\t\t\t\t\t<!-- module image -->\n<div  class=\"module module-image tb_qfub180 image-top   tf_mw\" data-lazy=\"1\">\n        <div class=\"image-wrap tf_rel tf_mw\">\n\t\t    <img loading=\"lazy\" decoding=\"async\" width=\"550\" height=\"140\" src=\"https:\/\/cimentiersdynamiques.com\/wp-content\/uploads\/2020\/04\/stacks-image-1bc93d6-1.png\" class=\"wp-post-image wp-image-540\" title=\"stacks-image-1bc93d6\" alt=\"stacks-image-1bc93d6\" srcset=\"https:\/\/cimentiersdynamiques.com\/wp-content\/uploads\/2020\/04\/stacks-image-1bc93d6-1.png 550w, https:\/\/cimentiersdynamiques.com\/wp-content\/uploads\/2020\/04\/stacks-image-1bc93d6-1-300x76.png 300w, https:\/\/cimentiersdynamiques.com\/wp-content\/uploads\/2020\/04\/stacks-image-1bc93d6-1-978x248.png 978w, https:\/\/cimentiersdynamiques.com\/wp-content\/uploads\/2020\/04\/stacks-image-1bc93d6-1-365x92.png 365w\" sizes=\"auto, (max-width: 550px) 100vw, 550px\" \/>\t\n\t\t<\/div>\n\t<!-- \/image-wrap -->\n    \n    \t<\/div>\n<!-- \/module image --><!-- module text -->\n<div  class=\"module module-text tb_5u2h180  repeat \" data-lazy=\"1\">\n\t    <div  class=\"tb_text_wrap\">\n\t\t<p style=\"text-align: center;\"><em><span style=\"color: #333333;\"><strong>UNE \u00c9QUIPE EN B\u00c9TON !<\/strong><\/span><\/em><\/p>    <\/div>\n<\/div>\n<!-- \/module text -->\t\t<\/div>\n\t\t\t\t\t<div  data-lazy=\"1\" class=\"module_column tb-column col4-2 tb_v2xq180\">\n\t\t\t\t\t<!-- module text -->\n<div  class=\"module module-text tb_2ito180  repeat \" data-lazy=\"1\">\n\t    <div  class=\"tb_text_wrap\">\n\t\t<p>Informations<\/p>    <\/div>\n<\/div>\n<!-- \/module text --><!-- module icon -->\n<div  class=\"module module-icon tb_bhgt180  small none icon_vertical tf_textl\" data-lazy=\"1\">\n\t\t\t<div class=\"module-icon-item\">\n\t\t\t\t\t\t\t\t\t\t\t\t\t\t\t\t<em class=\"tf_boxblack\"><svg  class=\"tf_fa tf-ti-location-pin\" aria-hidden=\"true\"><use href=\"#tf-ti-location-pin\"><\/use><\/svg><\/em>\n\t\t\t\t\t\t\t\t\t\t\t\t\t\t\t\t\t\t\t<span>295, Boulevard Des Hauteurs, Saint-J\u00e9r\u00f4me, QC, J7Y 5E7<\/span>\n\t\t\t\t\t\t\t\t\t\t\t\t\t\t\t<\/div>\n\t\t\t<div class=\"module-icon-item\">\n\t\t\t\t\t\t\t\t\t\t\t\t\t\t\t\t<em class=\"tf_boxblack\"><svg  class=\"tf_fa tf-ti-email\" aria-hidden=\"true\"><use href=\"#tf-ti-email\"><\/use><\/svg><\/em>\n\t\t\t\t\t\t\t\t\t\t\t\t\t\t\t\t\t\t\t<span>info@cimentiersdynamiques.com<\/span>\n\t\t\t\t\t\t\t\t\t\t\t\t\t\t\t<\/div>\n\t\t\t<div class=\"module-icon-item\">\n\t\t\t\t\t\t\t\t\t\t\t\t\t\t\t\t<em class=\"tf_boxblack\"><svg  class=\"tf_fa tf-ti-mobile\" aria-hidden=\"true\"><use href=\"#tf-ti-mobile\"><\/use><\/svg><\/em>\n\t\t\t\t\t\t\t\t\t\t\t\t\t\t\t\t\t\t\t<span>(450) 432-9943<\/span>\n\t\t\t\t\t\t\t\t\t\t\t\t\t\t\t<\/div>\n\t<\/div>\n<!-- \/module icon -->\n\t\t<\/div>\n\t\t\t\t\t<div  data-lazy=\"1\" class=\"module_column tb-column col4-1 tb_1hkx180 last\">\n\t\t\t\t\t<!-- module text -->\n<div  class=\"module module-text tb_dtau180  repeat \" data-lazy=\"1\">\n\t    <div  class=\"tb_text_wrap\">\n\t\t<p><span style=\"vertical-align: inherit;\"><span style=\"vertical-align: inherit;\">\u00a0 \u00a0 \u00a0 \u00a0 \u00a0 \u00a0 \u00a0 \u00a0 \u00a0 \u00a0 \u00a0 SUIVEZ-NOUS<\/span><\/span><\/p>    <\/div>\n<\/div>\n<!-- \/module text --><!-- module icon -->\n<div  class=\"module module-icon tb_z8ju180  normal none icon_horizontal tf_textl\" data-lazy=\"1\">\n\t\t\t<div class=\"module-icon-item\">\n\t\t\t\t\t\t\t<a href=\"https:\/\/www.facebook.com\/lescimentiersdynamiques\">\n\t\t\t\t\t\t\t\t\t\t\t\t\t\t\t\t\t<em class=\"tf_box\"><svg  class=\"tf_fa tf-ti-facebook\" aria-hidden=\"true\"><use href=\"#tf-ti-facebook\"><\/use><\/svg><\/em>\n\t\t\t\t\t\t\t\t\t\t\t\t\t\t\t\t<\/a>\n\t\t\t\t\t<\/div>\n\t\t\t<div class=\"module-icon-item\">\n\t\t\t\t\t\t\t\t\t\t\t\t\t\t\t\t\t\t\t\t\t<\/div>\n\t\t\t<div class=\"module-icon-item\">\n\t\t\t\t\t\t\t<a href=\"https:\/\/www.instagram.com\/cimentiers_dynamiques\/\">\n\t\t\t\t\t\t\t\t\t\t\t\t\t\t\t\t\t<em class=\"tf_box\"><svg  class=\"tf_fa tf-ti-instagram\" aria-hidden=\"true\"><use href=\"#tf-ti-instagram\"><\/use><\/svg><\/em>\n\t\t\t\t\t\t\t\t\t\t\t\t\t\t\t\t<\/a>\n\t\t\t\t\t<\/div>\n\t\t\t<div class=\"module-icon-item\">\n\t\t\t\t\t\t\t\t\t\t\t\t\t\t\t\t<em class=\"tf_box\"><svg  class=\"tf_fa tf-ti-google\" aria-hidden=\"true\"><use href=\"#tf-ti-google\"><\/use><\/svg><\/em>\n\t\t\t\t\t\t\t\t\t\t\t\t\t\t<\/div>\n\t\t\t<div class=\"module-icon-item\">\n\t\t\t\t\t\t\t\t\t\t\t\t\t\t\t\t\t\t\t\t\t<\/div>\n\t<\/div>\n<!-- \/module icon -->\n\t\t<\/div>\n\t\t\t\t\t\t<\/div>\n\t\t<\/div>\n\t\t<\/div>\n<!--\/themify_builder_content-->\n\n\n<p><\/p>","protected":false},"excerpt":{"rendered":"","protected":false},"author":1,"featured_media":0,"parent":0,"menu_order":0,"comment_status":"closed","ping_status":"closed","template":"","meta":{"footnotes":""},"class_list":["post-1139","page","type-page","status-publish","hentry","has-post-title","has-post-date","has-post-category","has-post-tag","has-post-comment","has-post-author",""],"builder_content":"<h1>Scellant<\/h1>\n<h1 style=\"text-align: center;\">Prot\u00e9g\u00e9 votre b\u00e9ton d\u2019\u00e9ventuelles d\u00e9sagr\u00e9ments.<\/h1>\n<h2 style=\"text-align: center;\">Avantages<\/h2>\n<ul> <li style=\"text-align: left;\"> <h4>Prot\u00e8ge contre l'infiltration de l'eau, des huiles<\/h4> <\/li> <li> <h4>Prot\u00e8ge contre la chlorophylle des feuilles<\/h4> <\/li> <li> <h4>R\u00e9duit l'accumulation des t\u00e2ches<\/h4> <\/li> <li> <h4>Durcit et scelle la surface imm\u00e9diatement<\/h4> <\/li> <\/ul>\n<ul> <li style=\"text-align: left;\"> <h4>Pr\u00e9vient l\u2019effritement\u00a0<\/h4> <\/li> <li style=\"text-align: left;\"> <h4>Film clair r\u00e9sistant au rayon UV (ne jaunit pas)<\/h4> <\/li> <li style=\"text-align: left;\"> <h4>Aide \u00e0 r\u00e9sistez aux cycles gel\/d\u00e9gel<\/h4> <\/li> <li style=\"text-align: left;\"> <h4>Peut \u00eatre appliquer sur de l'ancien ciment.<\/h4> <\/li> <\/ul>\n<ul> <li style=\"text-align: left;\"> <h4>Ne change pas l'aspect visuel<\/h4> <\/li> <li style=\"text-align: left;\"> <h4>S\u00e9chage rapide\u00a0<\/h4> <\/li> <li style=\"text-align: left;\"> <h4>Ne rend pas la surface glissante<\/h4> <\/li> <li style=\"text-align: left;\"> <h4>R\u00e9sistante aux bact\u00e9ries, \u00e0 l'humidit\u00e9 et facile \u00e0 nettoyer<\/h4> <\/li> <\/ul>\n<h2 style=\"text-align: center;\">Application<\/h2>\n<ul> <li style=\"text-align: left;\"> <h4>Appliquez \u00e0 l'aide d'un vaporisateur ou d'un rouleau<\/h4> <\/li> <\/ul>\n<ul> <li style=\"text-align: left;\"> <h4>15 heures avant de circuler sur la surface<\/h4> <\/li> <\/ul>\n<h2 style=\"text-align: center;\">Restrictions<\/h2>\n<ul> <li style=\"text-align: left;\"> <h4>Prot\u00e9ger de l'humidit\u00e9, de la condensation et du contact avec l'eau durant la p\u00e9riode de m\u00fbrissement initiale de 24heures.<\/h4> <\/li> <\/ul>\n[gallery ids=\"2390\"]\n[gallery ids=\"2140\"]\n[gallery ids=\"2391\"]\n<h1>Nous poss\u00e9dons l'expertise n\u00e9cessaire pour r\u00e9aliser vos travaux de fa\u00e7on impeccable. <br\/><\/h1>\n<img src=\"https:\/\/cimentiersdynamiques.com\/wp-content\/uploads\/2020\/04\/stacks-image-1bc93d6-1.png\" title=\"stacks-image-1bc93d6\" alt=\"stacks-image-1bc93d6\" srcset=\"https:\/\/cimentiersdynamiques.com\/wp-content\/uploads\/2020\/04\/stacks-image-1bc93d6-1.png 550w, https:\/\/cimentiersdynamiques.com\/wp-content\/uploads\/2020\/04\/stacks-image-1bc93d6-1-300x76.png 300w, https:\/\/cimentiersdynamiques.com\/wp-content\/uploads\/2020\/04\/stacks-image-1bc93d6-1-978x248.png 978w, https:\/\/cimentiersdynamiques.com\/wp-content\/uploads\/2020\/04\/stacks-image-1bc93d6-1-365x92.png 365w\" sizes=\"(max-width: 550px) 100vw, 550px\" \/>\n<p style=\"text-align: center;\"><em><strong>UNE \u00c9QUIPE EN B\u00c9TON !<\/strong><\/em><\/p>\n<p>Informations<\/p>\n<em><svg aria-hidden=\"true\"><use href=\"#tf-ti-location-pin\"><\/use><\/svg><\/em> 295, Boulevard Des Hauteurs, Saint-J\u00e9r\u00f4me, QC, J7Y 5E7 <em><svg aria-hidden=\"true\"><use href=\"#tf-ti-email\"><\/use><\/svg><\/em> info@cimentiersdynamiques.com <em><svg aria-hidden=\"true\"><use href=\"#tf-ti-mobile\"><\/use><\/svg><\/em> (450) 432-9943\n<p>\u00a0 \u00a0 \u00a0 \u00a0 \u00a0 \u00a0 \u00a0 \u00a0 \u00a0 \u00a0 \u00a0 SUIVEZ-NOUS<\/p>\n<a href=\"https:\/\/www.facebook.com\/lescimentiersdynamiques\"> <em><svg aria-hidden=\"true\"><use href=\"#tf-ti-facebook\"><\/use><\/svg><\/em> <\/a> <a href=\"https:\/\/www.instagram.com\/cimentiers_dynamiques\/\"> <em><svg aria-hidden=\"true\"><use href=\"#tf-ti-instagram\"><\/use><\/svg><\/em> <\/a> <em><svg aria-hidden=\"true\"><use href=\"#tf-ti-google\"><\/use><\/svg><\/em>","_links":{"self":[{"href":"https:\/\/cimentiersdynamiques.com\/index.php\/wp-json\/wp\/v2\/pages\/1139","targetHints":{"allow":["GET"]}}],"collection":[{"href":"https:\/\/cimentiersdynamiques.com\/index.php\/wp-json\/wp\/v2\/pages"}],"about":[{"href":"https:\/\/cimentiersdynamiques.com\/index.php\/wp-json\/wp\/v2\/types\/page"}],"author":[{"embeddable":true,"href":"https:\/\/cimentiersdynamiques.com\/index.php\/wp-json\/wp\/v2\/users\/1"}],"replies":[{"embeddable":true,"href":"https:\/\/cimentiersdynamiques.com\/index.php\/wp-json\/wp\/v2\/comments?post=1139"}],"version-history":[{"count":70,"href":"https:\/\/cimentiersdynamiques.com\/index.php\/wp-json\/wp\/v2\/pages\/1139\/revisions"}],"predecessor-version":[{"id":3046,"href":"https:\/\/cimentiersdynamiques.com\/index.php\/wp-json\/wp\/v2\/pages\/1139\/revisions\/3046"}],"wp:attachment":[{"href":"https:\/\/cimentiersdynamiques.com\/index.php\/wp-json\/wp\/v2\/media?parent=1139"}],"curies":[{"name":"wp","href":"https:\/\/api.w.org\/{rel}","templated":true}]}}